{"id":531,"date":"2017-07-27T16:10:23","date_gmt":"2017-07-27T16:10:23","guid":{"rendered":"http:\/\/www.ortosurperu.com\/?post_type=product&#038;p=531"},"modified":"2017-07-27T16:13:56","modified_gmt":"2017-07-27T16:13:56","slug":"almost-perfect-bk","status":"publish","type":"product","link":"https:\/\/www.ortosurperu.com\/respaldo\/producto\/almost-perfect-bk\/","title":{"rendered":"Almost perfect BK"},"content":{"rendered":"<div class=\"info_bloque info_bloque_dest\">\n<div class=\"info_bloque_fot_texto\">\n<div class=\"info_bloque_texto\">Referencias disponibles<\/div>\n<\/div>\n<\/div>\n<div class=\"info_sep_salto_parrafo\"><\/div>\n<div class=\"info_bloque\">\n<table class=\"tabla\" summary=\"P-0065-000\">\n<tbody>\n<tr>\n<th scope=\"col\">Referencias<\/th>\n<th scope=\"col\">Concepto<\/th>\n<\/tr>\n<tr>\n<td>P-0065-000<\/td>\n<td>Block cosm\u00e9tica tibial<\/td>\n<\/tr>\n<tr>\n<td>ROD-FCP<\/td>\n<td>Fresado cosm\u00e9tica femoral\/tibial<\/td>\n<\/tr>\n<\/tbody>\n<\/table>\n<\/div>\n","protected":false},"excerpt":{"rendered":"<div class=\"info_bloque_texto\">\n<div>Cosm\u00e9tica tibial fabricada en espuma progresiva viscoel\u00e1stica, con tecnolog\u00eda CAD CAM. A partir de un archivo conseguido con el escaneo de la pierna contralateral del amputado, se fresa con herramienta de alta precisi\u00f3n. La cosm\u00e9tica interiormente tiene el espacio vaciado para la insercci\u00f3n del tubo de la pr\u00f3tesis. Se sirve con amplitud de material en la parte superior e inferior para una mejor adaptaci\u00f3n por parte del t\u00e9cnico tanto en el vaciado para el encaje, como para el acople al pie prot\u00e9sico.<\/div>\n<\/div>\n","protected":false},"featured_media":532,"comment_status":"open","ping_status":"closed","template":"","meta":[],"product_cat":[82,78],"product_tag":[],"_links":{"self":[{"href":"https:\/\/www.ortosurperu.com\/respaldo\/wp-json\/wp\/v2\/product\/531"}],"collection":[{"href":"https:\/\/www.ortosurperu.com\/respaldo\/wp-json\/wp\/v2\/product"}],"about":[{"href":"https:\/\/www.ortosurperu.com\/respaldo\/wp-json\/wp\/v2\/types\/product"}],"replies":[{"embeddable":true,"href":"https:\/\/www.ortosurperu.com\/respaldo\/wp-json\/wp\/v2\/comments?post=531"}],"wp:featuredmedia":[{"embeddable":true,"href":"https:\/\/www.ortosurperu.com\/respaldo\/wp-json\/wp\/v2\/media\/532"}],"wp:attachment":[{"href":"https:\/\/www.ortosurperu.com\/respaldo\/wp-json\/wp\/v2\/media?parent=531"}],"wp:term":[{"taxonomy":"product_cat","embeddable":true,"href":"https:\/\/www.ortosurperu.com\/respaldo\/wp-json\/wp\/v2\/product_cat?post=531"},{"taxonomy":"product_tag","embeddable":true,"href":"https:\/\/www.ortosurperu.com\/respaldo\/wp-json\/wp\/v2\/product_tag?post=531"}],"curies":[{"name":"wp","href":"https:\/\/api.w.org\/{rel}","templated":true}]}}