{"id":527,"date":"2017-07-27T15:56:51","date_gmt":"2017-07-27T15:56:51","guid":{"rendered":"http:\/\/www.ortosurperu.com\/?post_type=product&#038;p=527"},"modified":"2017-07-27T16:03:33","modified_gmt":"2017-07-27T16:03:33","slug":"lupol","status":"publish","type":"product","link":"https:\/\/www.ortosurperu.com\/respaldo\/producto\/lupol\/","title":{"rendered":"Lupol"},"content":{"rendered":"<div class=\"info_bloque info_bloque_dest\">\n<div class=\"info_bloque_fot_texto\">\n<div class=\"info_bloque_texto\">Referencias disponibles<\/div>\n<\/div>\n<\/div>\n<div class=\"info_sep_salto_parrafo\"><\/div>\n<div class=\"info_bloque\">\n<table class=\"tabla\" summary=\"R-10901003\">\n<tbody>\n<tr>\n<th scope=\"col\">Referencia<\/th>\n<th scope=\"col\">Concepto<\/th>\n<th scope=\"col\">Peso<\/th>\n<\/tr>\n<tr>\n<td>R-10901003<\/td>\n<td>Lupol componente A<\/td>\n<td>2,5kgs<\/td>\n<\/tr>\n<tr>\n<td>R-10901004<\/td>\n<td>Lupol componente B<\/td>\n<td>2,5 kgs<\/td>\n<\/tr>\n<tr>\n<td>R-10901015<\/td>\n<td>Lupofill &#8211; componente relleno-<\/td>\n<td>5 kgs<\/td>\n<\/tr>\n<\/tbody>\n<\/table>\n<\/div>\n","protected":false},"excerpt":{"rendered":"<div class=\"info_bloque_texto\">\n<div>\n<div class=\"info_bloque_texto\">\n<div>\n<p class=\"heditor_first\">Espuma de poliuretano dura, sin factor de crecimiento de volumen. Dos componentes A y B, al que se le puede a\u00f1adir el Lupofil que es un componente neutro sin reacci\u00f3n. Ideal para la fabricaci\u00f3n de positivos de hormas de calzado o plantillas.<\/p>\n<p>Tiempo de mezcla (curado): 4,5 minutos<\/p>\n<p>Tiempo para desmoldeo: 25 minutos.<\/p>\n<p>Final de reacci\u00f3n de los dos componentes: 12 horas<\/p>\n<p>Mezcla modelo A:B = 1:1<\/p>\n<\/div>\n<\/div>\n<\/div>\n<\/div>\n","protected":false},"featured_media":528,"comment_status":"open","ping_status":"closed","template":"","meta":[],"product_cat":[84,78],"product_tag":[],"_links":{"self":[{"href":"https:\/\/www.ortosurperu.com\/respaldo\/wp-json\/wp\/v2\/product\/527"}],"collection":[{"href":"https:\/\/www.ortosurperu.com\/respaldo\/wp-json\/wp\/v2\/product"}],"about":[{"href":"https:\/\/www.ortosurperu.com\/respaldo\/wp-json\/wp\/v2\/types\/product"}],"replies":[{"embeddable":true,"href":"https:\/\/www.ortosurperu.com\/respaldo\/wp-json\/wp\/v2\/comments?post=527"}],"wp:featuredmedia":[{"embeddable":true,"href":"https:\/\/www.ortosurperu.com\/respaldo\/wp-json\/wp\/v2\/media\/528"}],"wp:attachment":[{"href":"https:\/\/www.ortosurperu.com\/respaldo\/wp-json\/wp\/v2\/media?parent=527"}],"wp:term":[{"taxonomy":"product_cat","embeddable":true,"href":"https:\/\/www.ortosurperu.com\/respaldo\/wp-json\/wp\/v2\/product_cat?post=527"},{"taxonomy":"product_tag","embeddable":true,"href":"https:\/\/www.ortosurperu.com\/respaldo\/wp-json\/wp\/v2\/product_tag?post=527"}],"curies":[{"name":"wp","href":"https:\/\/api.w.org\/{rel}","templated":true}]}}