{"id":520,"date":"2017-07-27T15:08:46","date_gmt":"2017-07-27T15:08:46","guid":{"rendered":"http:\/\/www.ortosurperu.com\/?post_type=product&#038;p=520"},"modified":"2017-07-27T15:12:35","modified_gmt":"2017-07-27T15:12:35","slug":"rodillera-de-suspension-neo-flex","status":"publish","type":"product","link":"https:\/\/www.ortosurperu.com\/respaldo\/producto\/rodillera-de-suspension-neo-flex\/","title":{"rendered":"Rodillera de suspensi\u00f3n Neo-Flex"},"content":{"rendered":"<table class=\"tabla\" summary=\"P-5400-000\">\n<tbody>\n<tr>\n<th scope=\"col\">Referencia<\/th>\n<th scope=\"col\">talla<\/th>\n<th scope=\"col\">per\u00edmetro muslo<\/th>\n<\/tr>\n<tr>\n<td>P-5400-000<\/td>\n<td>0<\/td>\n<td>26,65 &#8211; 31,75<\/td>\n<\/tr>\n<tr>\n<td>P-5400-001<\/td>\n<td>1<\/td>\n<td>29,21 &#8211; 33,02<\/td>\n<\/tr>\n<tr>\n<td>P-5400-015<\/td>\n<td>1,5<\/td>\n<td>31,75 &#8211; 35,56<\/td>\n<\/tr>\n<tr>\n<td>P-5400-002<\/td>\n<td>2<\/td>\n<td>35,56 &#8211; 40,64<\/td>\n<\/tr>\n<tr>\n<td>P-5400-025<\/td>\n<td>2,5<\/td>\n<td>38,1 &#8211; 43,18<\/td>\n<\/tr>\n<tr>\n<td>P-5400-003<\/td>\n<td>3<\/td>\n<td>40,64 &#8211; 45,72<\/td>\n<\/tr>\n<tr>\n<td>P-5400-004<\/td>\n<td>4<\/td>\n<td>46.99 &#8211; 50,8<\/td>\n<\/tr>\n<tr>\n<td>P-5400-005<\/td>\n<td>5<\/td>\n<td>53,34 &#8211; 58,42<\/td>\n<\/tr>\n<\/tbody>\n<\/table>\n","protected":false},"excerpt":{"rendered":"<div class=\"info_bloque_texto\">\n<div>\n<div class=\"info_bloque_texto\">\n<div class=\"heditor_first\">El Neo-Flex es un manguito de suspensi\u00f3n de neopreno que garantiza un sellado de succi\u00f3n pasiva, adem\u00e1s de proporcionar una suspensi\u00f3n mec\u00e1nica y segura de la pr\u00f3tesis. Fabricada con un neopreno especial y reforzado con un l\u00e1tex resistente, dise\u00f1ado con una forma flexionada para mayor comodidad y un movimiento sin limitaciones. El Neo-Flex puede ser recortado en los extremos proximal y distal para personalizar la longitud si fuera necesario.<\/div>\n<div><\/div>\n<div>Para determinar la talla adecuada, mida el per\u00edmetro del muslo a una distancia de 12,7 cm del borde superior de la r\u00f3tula y consulte el cuadro de tama\u00f1os. Disponible en color Gris Oscuro<\/div>\n<\/div>\n<\/div>\n<\/div>\n","protected":false},"featured_media":522,"comment_status":"open","ping_status":"closed","template":"","meta":[],"product_cat":[78,86],"product_tag":[],"_links":{"self":[{"href":"https:\/\/www.ortosurperu.com\/respaldo\/wp-json\/wp\/v2\/product\/520"}],"collection":[{"href":"https:\/\/www.ortosurperu.com\/respaldo\/wp-json\/wp\/v2\/product"}],"about":[{"href":"https:\/\/www.ortosurperu.com\/respaldo\/wp-json\/wp\/v2\/types\/product"}],"replies":[{"embeddable":true,"href":"https:\/\/www.ortosurperu.com\/respaldo\/wp-json\/wp\/v2\/comments?post=520"}],"wp:featuredmedia":[{"embeddable":true,"href":"https:\/\/www.ortosurperu.com\/respaldo\/wp-json\/wp\/v2\/media\/522"}],"wp:attachment":[{"href":"https:\/\/www.ortosurperu.com\/respaldo\/wp-json\/wp\/v2\/media?parent=520"}],"wp:term":[{"taxonomy":"product_cat","embeddable":true,"href":"https:\/\/www.ortosurperu.com\/respaldo\/wp-json\/wp\/v2\/product_cat?post=520"},{"taxonomy":"product_tag","embeddable":true,"href":"https:\/\/www.ortosurperu.com\/respaldo\/wp-json\/wp\/v2\/product_tag?post=520"}],"curies":[{"name":"wp","href":"https:\/\/api.w.org\/{rel}","templated":true}]}}