{"id":505,"date":"2017-07-25T23:02:14","date_gmt":"2017-07-25T23:02:14","guid":{"rendered":"http:\/\/www.ortosurperu.com\/?post_type=product&#038;p=505"},"modified":"2017-07-26T17:31:32","modified_gmt":"2017-07-26T17:31:32","slug":"agilix","status":"publish","type":"product","link":"https:\/\/www.ortosurperu.com\/respaldo\/producto\/agilix\/","title":{"rendered":"Agilix"},"content":{"rendered":"<div class=\"info_bloque info_bloque_dest txtdestac\">\n<div class=\"info_bloque_fot_texto\">\n<div class=\"info_bloque_texto\">Referencias disponibles<\/div>\n<\/div>\n<\/div>\n<div class=\"info_sep_salto_parrafo\"><\/div>\n<div class=\"info_bloque\">\n<table class=\"tabla\" summary=\"FR-F15\">\n<tbody>\n<tr>\n<th scope=\"col\">Referecia<\/th>\n<th scope=\"col\">Descripci\u00f3n<\/th>\n<\/tr>\n<tr>\n<td>FR-F15<\/td>\n<td>Pie Agilix (22-31)<\/td>\n<\/tr>\n<\/tbody>\n<\/table>\n<\/div>\n","protected":false},"excerpt":{"rendered":"<div class=\"info_bloque_texto\">\n<div class=\"heditor_first\">Agilix es un pie multiaxial, con un sistema de absorci\u00f3n de impactos tanto de la carga vertical producida en la marcha, como la absorci\u00f3n de las fuerzas irrgulares ocasionadas por vectores originados por terrenos y superficies irregulares.<\/div>\n<div>El amputado, adem\u00e1s de obtener una estabilidad superior, y por tanto una confianza y seguridad; advierte como el pie Agilix filtra todas las fuerzas de los impactos que habitualmente se transmiten por la propia construcci\u00f3n de la pr\u00f3tesis hasta llegar al mu\u00f1\u00f3n, minimizando las fuerzas de \u00e9stos vectores, pero a la vez manteniendo la seguridad y la estabilidad.<\/div>\n<div>Est\u00e9ticamente es un pie sencillo, con un peso muy inferior a pies similares de sus competidores, que tambi\u00e9n permite un ahorro de energ\u00eda por parte del amputado.<\/div>\n<div><strong>Tallas<\/strong>: de 22 cm a 31 cm. (existe la opci\u00f3n de cosm\u00e9tica con separaci\u00f3n de dedo para sandalia, de las tallas 22 a 28 cm)<\/div>\n<div><strong>Altura<\/strong>: 27 cm<\/div>\n<div><strong>Peso m\u00e1ximo amputado: <\/strong>166 kgs.<\/div>\n<div><strong>Peso: <\/strong>650 gramos, para una talla 27 cm, incluyendo la cosm\u00e9tica.<\/div>\n<div><strong>Altura tal\u00f3n<\/strong>: \u00a010 mm.<\/div>\n<div><strong>Movimento inversi\u00f3n \/ eversi\u00f3n<\/strong>: si<\/div>\n<div><strong>Conexi\u00f3n superior<\/strong>: n\u00facleo macho.<\/div>\n<div><strong>Garant\u00eda:<\/strong> 36 meses el pie (6 meses la cosm\u00e9tica)<\/div>\n<\/div>\n","protected":false},"featured_media":507,"comment_status":"open","ping_status":"closed","template":"","meta":[],"product_cat":[92,78],"product_tag":[],"_links":{"self":[{"href":"https:\/\/www.ortosurperu.com\/respaldo\/wp-json\/wp\/v2\/product\/505"}],"collection":[{"href":"https:\/\/www.ortosurperu.com\/respaldo\/wp-json\/wp\/v2\/product"}],"about":[{"href":"https:\/\/www.ortosurperu.com\/respaldo\/wp-json\/wp\/v2\/types\/product"}],"replies":[{"embeddable":true,"href":"https:\/\/www.ortosurperu.com\/respaldo\/wp-json\/wp\/v2\/comments?post=505"}],"wp:featuredmedia":[{"embeddable":true,"href":"https:\/\/www.ortosurperu.com\/respaldo\/wp-json\/wp\/v2\/media\/507"}],"wp:attachment":[{"href":"https:\/\/www.ortosurperu.com\/respaldo\/wp-json\/wp\/v2\/media?parent=505"}],"wp:term":[{"taxonomy":"product_cat","embeddable":true,"href":"https:\/\/www.ortosurperu.com\/respaldo\/wp-json\/wp\/v2\/product_cat?post=505"},{"taxonomy":"product_tag","embeddable":true,"href":"https:\/\/www.ortosurperu.com\/respaldo\/wp-json\/wp\/v2\/product_tag?post=505"}],"curies":[{"name":"wp","href":"https:\/\/api.w.org\/{rel}","templated":true}]}}