{"id":503,"date":"2017-07-25T22:54:16","date_gmt":"2017-07-25T22:54:16","guid":{"rendered":"http:\/\/www.ortosurperu.com\/?post_type=product&#038;p=503"},"modified":"2017-07-25T23:04:52","modified_gmt":"2017-07-25T23:04:52","slug":"pie-natural-con-piramide","status":"publish","type":"product","link":"https:\/\/www.ortosurperu.com\/respaldo\/producto\/pie-natural-con-piramide\/","title":{"rendered":"Pie Natural con pir\u00e1mide"},"content":{"rendered":"<div class=\"info_bloque\">\n<div class=\"info_bloque_fot_texto\">\n<div class=\"info_bloque_texto\">\n<p>Pie natural con dedo separado y piramide incluidaActividad de paciente: baja, media y alta<\/p>\n<p>Peso m\u00e1ximo de paciente: 102 kgs<\/p>\n<p>Peso de producto:\u00a0448 grs (talla 25 cm)<\/p>\n<p>Altura de tac\u00f3n : 10 mm<\/p>\n<p>Tallas: 22 cm a 29 cm<\/p>\n<\/div>\n<\/div>\n<\/div>\n<div class=\"info_sep_salto_parrafo\"><\/div>\n<div class=\"info_bloque info_bloque_dest\">\n<div class=\"info_bloque_fot_texto\">\n<div class=\"info_bloque_texto\">Referencias Disponibles<\/div>\n<\/div>\n<\/div>\n<div class=\"info_sep_salto_parrafo\"><\/div>\n<div class=\"info_bloque\">\n<table class=\"tabla\" summary=\"M-SNF160-22L\">\n<tbody>\n<tr>\n<th scope=\"col\">Referencia<\/th>\n<th scope=\"col\">Talla<\/th>\n<th scope=\"col\">Cm<\/th>\n<th scope=\"col\">Lado<\/th>\n<\/tr>\n<tr>\n<td>M-SNF160-22L<\/td>\n<td>22<\/td>\n<td>21,3 centimetros<\/td>\n<td>izquierdo<\/td>\n<\/tr>\n<tr>\n<td>M-SNF160-22R<\/td>\n<td>22<\/td>\n<td>21,3 centimetros<\/td>\n<td>derecho<\/td>\n<\/tr>\n<tr>\n<td>M-SNF160-23L<\/td>\n<td>23<\/td>\n<td>22 centimetros<\/td>\n<td>izquierdo<\/td>\n<\/tr>\n<tr>\n<td>M-SNF160-23R<\/td>\n<td>23<\/td>\n<td>22 centimetros<\/td>\n<td>derecho<\/td>\n<\/tr>\n<tr>\n<td>M-SNF160-24L<\/td>\n<td>24<\/td>\n<td>23 centimetros<\/td>\n<td>izquierdo<\/td>\n<\/tr>\n<tr>\n<td>M-SNF160-24R<\/td>\n<td>24<\/td>\n<td>23 centimetros<\/td>\n<td>derecho<\/td>\n<\/tr>\n<tr>\n<td>M-SNF160-25L<\/td>\n<td>25<\/td>\n<td>24 centimetros<\/td>\n<td>izquierdo<\/td>\n<\/tr>\n<tr>\n<td>M-SNF160-25R<\/td>\n<td>25<\/td>\n<td>24 centimetros<\/td>\n<td>derecho<\/td>\n<\/tr>\n<tr>\n<td>M-SNF160-26L<\/td>\n<td>26<\/td>\n<td>25 centimetros<\/td>\n<td>izquierdo<\/td>\n<\/tr>\n<tr>\n<td>M-SNF160-26R<\/td>\n<td>26<\/td>\n<td>25 centimetros<\/td>\n<td>derecho<\/td>\n<\/tr>\n<tr>\n<td>M-SNF160-27L<\/td>\n<td>27<\/td>\n<td>26 centimetros<\/td>\n<td>izquierdo<\/td>\n<\/tr>\n<tr>\n<td>M-SNF160-27R<\/td>\n<td>27<\/td>\n<td>26 centimetros<\/td>\n<td>derecho<\/td>\n<\/tr>\n<tr>\n<td>M-SNF160-28L<\/td>\n<td>28<\/td>\n<td>27 centimetros<\/td>\n<td>izquierdo<\/td>\n<\/tr>\n<tr>\n<td>M-SNF160-28R<\/td>\n<td>28<\/td>\n<td>27 centimetros<\/td>\n<td>derecho<\/td>\n<\/tr>\n<tr>\n<td>M-SNF160-29L<\/td>\n<td>29<\/td>\n<td>28 centimetros<\/td>\n<td>izquierdo<\/td>\n<\/tr>\n<tr>\n<td>M-SNF160-29R<\/td>\n<td>29<\/td>\n<td>28 centimetros<\/td>\n<td>derecho<\/td>\n<\/tr>\n<\/tbody>\n<\/table>\n<\/div>\n","protected":false},"excerpt":{"rendered":"<div class=\"info_bloque\">\n<div class=\"info_bloque_fot_texto\">\n<div class=\"info_bloque_texto\">\n<div class=\"heditor_justify\">\n<div class=\"info_bloque_texto\">\n<p class=\"heditor_justify\">Pie Natural con adaptador pirmaide de aleacion ligera incluida, especialmente fabricado para amputados din\u00e1micos que anden mucho o que, desarrollando cualquier actividad, necesiten un pie de poco peso, c\u00f3modo pero a la vez con muchas prestaciones. Fabricado con espuma de poliuretano y relleno en delryn, con un acabado muy est\u00e9tico y dedo gordo separado para dar mayor estabilidad. Se utiliza para pr\u00f3tesis endoesquel\u00e9tica.<\/p>\n<\/div>\n<\/div>\n<\/div>\n<\/div>\n<\/div>\n","protected":false},"featured_media":504,"comment_status":"open","ping_status":"closed","template":"","meta":[],"product_cat":[93,78],"product_tag":[],"_links":{"self":[{"href":"https:\/\/www.ortosurperu.com\/respaldo\/wp-json\/wp\/v2\/product\/503"}],"collection":[{"href":"https:\/\/www.ortosurperu.com\/respaldo\/wp-json\/wp\/v2\/product"}],"about":[{"href":"https:\/\/www.ortosurperu.com\/respaldo\/wp-json\/wp\/v2\/types\/product"}],"replies":[{"embeddable":true,"href":"https:\/\/www.ortosurperu.com\/respaldo\/wp-json\/wp\/v2\/comments?post=503"}],"wp:featuredmedia":[{"embeddable":true,"href":"https:\/\/www.ortosurperu.com\/respaldo\/wp-json\/wp\/v2\/media\/504"}],"wp:attachment":[{"href":"https:\/\/www.ortosurperu.com\/respaldo\/wp-json\/wp\/v2\/media?parent=503"}],"wp:term":[{"taxonomy":"product_cat","embeddable":true,"href":"https:\/\/www.ortosurperu.com\/respaldo\/wp-json\/wp\/v2\/product_cat?post=503"},{"taxonomy":"product_tag","embeddable":true,"href":"https:\/\/www.ortosurperu.com\/respaldo\/wp-json\/wp\/v2\/product_tag?post=503"}],"curies":[{"name":"wp","href":"https:\/\/api.w.org\/{rel}","templated":true}]}}