{"id":499,"date":"2017-07-25T22:28:59","date_gmt":"2017-07-25T22:28:59","guid":{"rendered":"http:\/\/www.ortosurperu.com\/?post_type=product&#038;p=499"},"modified":"2024-02-02T22:57:22","modified_gmt":"2024-02-03T03:57:22","slug":"mini-g-lock","status":"publish","type":"product","link":"https:\/\/www.ortosurperu.com\/respaldo\/producto\/mini-g-lock\/","title":{"rendered":"Mini-G lock"},"content":{"rendered":"<div class=\"info_bloque info_bloque_dest\">\n<div class=\"info_bloque_fot_texto\">\n<div class=\"info_bloque_texto\">Caracteristicas t\u00e9cnicas<\/div>\n<\/div>\n<\/div>\n<div class=\"info_bloque\">\n<div class=\"info_bloque_fot_texto\">\n<div class=\"info_bloque_texto\">\n<p class=\"heditor_first\"><strong>Peso del producto:<\/strong> 67 gramos<\/p>\n<p><strong>Peso m\u00e1ximo del paciente: <\/strong>\u00a060 kgs (solamente uso pedi\u00e1trico miembro inferior)<\/p>\n<\/div>\n<\/div>\n<\/div>\n<div class=\"info_sep_salto_parrafo\"><\/div>\n<div class=\"info_bloque info_bloque_dest\">\n<div class=\"info_bloque_fot_texto\">\n<div class=\"info_bloque_texto\">Referencias disponibles<\/div>\n<\/div>\n<\/div>\n<div class=\"info_sep_salto_parrafo\"><\/div>\n<div class=\"info_bloque\">\n<table class=\"tabla\" summary=\"W-700-MGL-480\">\n<tbody>\n<tr>\n<th scope=\"col\">Referencia<\/th>\n<\/tr>\n<tr>\n<td>W-700-MGL-480<\/td>\n<\/tr>\n<\/tbody>\n<\/table>\n<\/div>\n","protected":false},"excerpt":{"rendered":"<div class=\"info_bloque\">\n<div class=\"info_bloque_fot_texto\">\n<div class=\"info_bloque_texto\">\n<div class=\"heditor_justify\">\n<div class=\"info_bloque_texto\">\n<p class=\"heditor_first_justify\">El Mini G-Lock est\u00e1 pensado para satisfacer las necesidades de los amputados de la extremidad superior y tambi\u00e9n de pedi\u00e1tricos. El Mini G-Lock tiene un mecanismo de pasador de seguridad estandar con arandela wordondes. Se puede utilizar tanto en estructuras endoesqueleticas como en exoesqueleticas, pero siempre en laminados con resinas.<\/p>\n<p class=\"heditor_justify\">Se suministra un kit completo, con todos los componentes para la adaptaci\u00f3n, con un pin de 20 x 38 mm.<\/p>\n<\/div>\n<\/div>\n<\/div>\n<\/div>\n<\/div>\n","protected":false},"featured_media":502,"comment_status":"open","ping_status":"closed","template":"","meta":[],"product_cat":[95,94],"product_tag":[],"_links":{"self":[{"href":"https:\/\/www.ortosurperu.com\/respaldo\/wp-json\/wp\/v2\/product\/499"}],"collection":[{"href":"https:\/\/www.ortosurperu.com\/respaldo\/wp-json\/wp\/v2\/product"}],"about":[{"href":"https:\/\/www.ortosurperu.com\/respaldo\/wp-json\/wp\/v2\/types\/product"}],"replies":[{"embeddable":true,"href":"https:\/\/www.ortosurperu.com\/respaldo\/wp-json\/wp\/v2\/comments?post=499"}],"wp:featuredmedia":[{"embeddable":true,"href":"https:\/\/www.ortosurperu.com\/respaldo\/wp-json\/wp\/v2\/media\/502"}],"wp:attachment":[{"href":"https:\/\/www.ortosurperu.com\/respaldo\/wp-json\/wp\/v2\/media?parent=499"}],"wp:term":[{"taxonomy":"product_cat","embeddable":true,"href":"https:\/\/www.ortosurperu.com\/respaldo\/wp-json\/wp\/v2\/product_cat?post=499"},{"taxonomy":"product_tag","embeddable":true,"href":"https:\/\/www.ortosurperu.com\/respaldo\/wp-json\/wp\/v2\/product_tag?post=499"}],"curies":[{"name":"wp","href":"https:\/\/api.w.org\/{rel}","templated":true}]}}