{"id":491,"date":"2017-07-25T22:13:22","date_gmt":"2017-07-25T22:13:22","guid":{"rendered":"http:\/\/www.ortosurperu.com\/?post_type=product&#038;p=491"},"modified":"2017-07-25T22:20:16","modified_gmt":"2017-07-25T22:20:16","slug":"guantes-para-amputacion-parcial","status":"publish","type":"product","link":"https:\/\/www.ortosurperu.com\/respaldo\/producto\/guantes-para-amputacion-parcial\/","title":{"rendered":"Guantes para amputaci\u00f3n parcial"},"content":{"rendered":"<div class=\"info_bloque\">\n<div class=\"info_bloque_fot_texto\">\n<div class=\"info_bloque_texto\"><strong>Fabricado en:<\/strong> silicona de 2,5 mm a 3 mm con refuerzo de nylon interior. Cremallera interna met\u00e1lica laminada interiormente.<\/div>\n<\/div>\n<\/div>\n<div class=\"info_sep_salto_parrafo\"><\/div>\n<div class=\"info_bloque info_bloque_dest\">\n<div class=\"info_bloque_fot_texto\">\n<div class=\"info_bloque_texto\">Referencias disponibles<\/div>\n<\/div>\n<\/div>\n<div class=\"info_sep_salto_parrafo\"><\/div>\n<div class=\"info_bloque\">\n<table class=\"tabla\" summary=\"R-1820\">\n<tbody>\n<tr>\n<th scope=\"col\">Referencia<\/th>\n<th scope=\"col\">Art\u00edculo<\/th>\n<\/tr>\n<tr>\n<td>R-1820<\/td>\n<td>Guante amputaci\u00f3n parcial de mano<\/td>\n<\/tr>\n<\/tbody>\n<\/table>\n<\/div>\n","protected":false},"excerpt":{"rendered":"<div class=\"info_bloque\">\n<div class=\"info_bloque_fot_texto\">\n<div class=\"info_bloque_texto\">\n<div class=\"heditor_justify\">El guante cosm\u00e9tico cumple con el deseo del paciente de la restauraci\u00f3n de la apariencia externa, llevando una cremallera por la parte palmar. No causa irritaci\u00f3n en la piel, recomendado incluso para personas con piel sensible. El guante est\u00e1 fabricado en silicona, por lo que no se deforma, adem\u00e1s de poder aguantar temperaturas de hasta 180 grados cent\u00edgrados y poder limpiarse con alcohol sanitario. Para asegurar la durabilidad del guante, cuenta con fibra de nylon insertado dentro de la silicona.<\/div>\n<\/div>\n<\/div>\n<\/div>\n","protected":false},"featured_media":492,"comment_status":"open","ping_status":"closed","template":"","meta":[],"product_cat":[97,94],"product_tag":[],"_links":{"self":[{"href":"https:\/\/www.ortosurperu.com\/respaldo\/wp-json\/wp\/v2\/product\/491"}],"collection":[{"href":"https:\/\/www.ortosurperu.com\/respaldo\/wp-json\/wp\/v2\/product"}],"about":[{"href":"https:\/\/www.ortosurperu.com\/respaldo\/wp-json\/wp\/v2\/types\/product"}],"replies":[{"embeddable":true,"href":"https:\/\/www.ortosurperu.com\/respaldo\/wp-json\/wp\/v2\/comments?post=491"}],"wp:featuredmedia":[{"embeddable":true,"href":"https:\/\/www.ortosurperu.com\/respaldo\/wp-json\/wp\/v2\/media\/492"}],"wp:attachment":[{"href":"https:\/\/www.ortosurperu.com\/respaldo\/wp-json\/wp\/v2\/media?parent=491"}],"wp:term":[{"taxonomy":"product_cat","embeddable":true,"href":"https:\/\/www.ortosurperu.com\/respaldo\/wp-json\/wp\/v2\/product_cat?post=491"},{"taxonomy":"product_tag","embeddable":true,"href":"https:\/\/www.ortosurperu.com\/respaldo\/wp-json\/wp\/v2\/product_tag?post=491"}],"curies":[{"name":"wp","href":"https:\/\/api.w.org\/{rel}","templated":true}]}}