{"id":483,"date":"2017-07-22T18:59:35","date_gmt":"2017-07-22T18:59:35","guid":{"rendered":"http:\/\/www.ortosurperu.com\/web\/?post_type=product&#038;p=483"},"modified":"2023-07-14T13:59:32","modified_gmt":"2023-07-14T18:59:32","slug":"guantes-cortos-de-mujer","status":"publish","type":"product","link":"https:\/\/www.ortosurperu.com\/respaldo\/producto\/guantes-cortos-de-mujer\/","title":{"rendered":"Guantes cortos de mujer"},"content":{"rendered":"<div class=\"info_bloque\">\n<div class=\"info_bloque_fot_texto\">\n<div class=\"info_bloque_texto\"><strong>Fabricado en: <\/strong>Pvc, Mcv, Silicona o Microsilicona<\/div>\n<\/div>\n<\/div>\n<div class=\"info_sep_salto_parrafo\"><\/div>\n<div class=\"info_bloque info_bloque_dest\">\n<div class=\"info_bloque_fot_texto\">\n<div class=\"info_bloque_texto\">Referencias disponibles<\/div>\n<\/div>\n<\/div>\n<div class=\"info_sep_salto_parrafo\"><\/div>\n<div class=\"info_bloque\">\n<div class=\"info_bloque_fot_texto\">\n<div class=\"info_bloque_texto\">\n<p class=\"heditor_first\"><strong>yy<\/strong> mirar los dos \u00faltimos d\u00edgitos en la tabla de medidas<\/p>\n<p><strong>zz<\/strong> mirar los d\u00edgitos adecuados en la tabla de colores<\/p>\n<\/div>\n<\/div>\n<\/div>\n<div class=\"info_sep_salto_parrafo\"><\/div>\n<div class=\"info_bloque\">\n<table class=\"tabla\" summary=\"CE-1209yyzz3\">\n<tbody>\n<tr>\n<th scope=\"col\">Referencia<\/th>\n<th scope=\"col\">Material<\/th>\n<\/tr>\n<tr>\n<td>CE-1209yyzz3<\/td>\n<td>MCV<\/td>\n<\/tr>\n<tr>\n<td>CE-1209yyzz1<\/td>\n<td>PVC<\/td>\n<\/tr>\n<tr>\n<td>CE-1209yyzz4<\/td>\n<td>MCV retr\u00e1ctil<\/td>\n<\/tr>\n<tr>\n<td>CE-1209yyzz2<\/td>\n<td>PVC retr\u00e1ctil<\/td>\n<\/tr>\n<tr>\n<td>CE-2209yyzz1<\/td>\n<td>PVC duro<\/td>\n<\/tr>\n<tr>\n<td>CE-3209yyzz3<\/td>\n<td>MCS<\/td>\n<\/tr>\n<tr>\n<td>CE-3209yyzz1<\/td>\n<td>Silicona<\/td>\n<\/tr>\n<\/tbody>\n<\/table>\n<\/div>\n","protected":false},"excerpt":{"rendered":"<div class=\"info_bloque\">\n<div class=\"info_bloque_fot_texto\">\n<div class=\"info_bloque_texto\">\n<div class=\"heditor_first_justify\">Para construir una protesis de miembro superior con un guante de mujer corto, Ortoib\u00e9rica propone distintas calidades para escoger la m\u00e1s adecuada a las necesidades de la paciente:<\/div>\n<div class=\"heditor_justify\"><\/div>\n<div class=\"heditor_justify\"><strong>-PVC:<\/strong> guante con una buena definicion, tacto agradable y precio econ\u00f3mico.<br \/>\n<strong>-MCV:<\/strong> es un guante de PVC con la caracteristica a\u00f1adida de que se puede limpiar con alcohol. Presenta\u00a0 un tacto agradable y tambi\u00e9n es econ\u00f3mico.<br \/>\n<strong>-SILICONA:<\/strong> guante de f\u00e1cil limpieza. Aguanta, sin deformarse, temperaturas que pueden oscilar entre -30\u00baC y + 170\u00baC, aproximadamente. Buena imagen.<br \/>\n<strong>-MCS:<\/strong> es una microsilicona que consigue un tacto muy suave y una imagen de la mano pr\u00e1cticamente real.<\/div>\n<div class=\"heditor_justify\">Cuando hablamos de la facilidad de limpieza de los guantes, nos referimos a su cuidado diario. No se debe dejar acumular la suciedad o las manchas.<\/div>\n<div class=\"heditor_justify\"><strong>*<\/strong> Para buscar la talla m\u00e1s apropiada <strong>deben tomarse las siguientes medidas<\/strong>, en este orden de importancia:<\/div>\n<div class=\"heditor_justify\"><strong>&#8211;<\/strong> Medida del <em>contorno de la mano a la altura de los metacarpos.<\/em><br \/>\n<strong>&#8211;<\/strong> Medida del <em>largo del dedo medio.<\/em> (Por la cara interna de la mano)<\/div>\n<div class=\"heditor_justify\">\u00a0\u00a0 <strong>&#8211;<\/strong> Medida de la <em>circunferencia de la mu\u00f1eca. <\/em><\/div>\n<div class=\"heditor_justify\">\u00a0\u00a0 <strong>&#8211;<\/strong> Medida del <em>largo del guante.<\/em><br \/>\n<strong>&#8211;<\/strong> Medida de la <em>circunferencia final del antebrazo.<\/em><\/div>\n<p>Tanto el guante de PVC como el de MCV se pueden fabricar con la mu\u00f1eca retr\u00e1ctil para facilitar su ajuste a la pr\u00f3tesis; simplemente se le aplica calor y el guante se retrae por la mu\u00f1eca hasta ajustarse con el encaje.<\/p>\n<div class=\"heditor_justify\">Tambien existe la posibilidad del PVC DURO para pr\u00f3tesis de poco peso.<\/div>\n<\/div>\n<\/div>\n<\/div>\n","protected":false},"featured_media":490,"comment_status":"open","ping_status":"closed","template":"","meta":[],"product_cat":[98],"product_tag":[],"_links":{"self":[{"href":"https:\/\/www.ortosurperu.com\/respaldo\/wp-json\/wp\/v2\/product\/483"}],"collection":[{"href":"https:\/\/www.ortosurperu.com\/respaldo\/wp-json\/wp\/v2\/product"}],"about":[{"href":"https:\/\/www.ortosurperu.com\/respaldo\/wp-json\/wp\/v2\/types\/product"}],"replies":[{"embeddable":true,"href":"https:\/\/www.ortosurperu.com\/respaldo\/wp-json\/wp\/v2\/comments?post=483"}],"wp:featuredmedia":[{"embeddable":true,"href":"https:\/\/www.ortosurperu.com\/respaldo\/wp-json\/wp\/v2\/media\/490"}],"wp:attachment":[{"href":"https:\/\/www.ortosurperu.com\/respaldo\/wp-json\/wp\/v2\/media?parent=483"}],"wp:term":[{"taxonomy":"product_cat","embeddable":true,"href":"https:\/\/www.ortosurperu.com\/respaldo\/wp-json\/wp\/v2\/product_cat?post=483"},{"taxonomy":"product_tag","embeddable":true,"href":"https:\/\/www.ortosurperu.com\/respaldo\/wp-json\/wp\/v2\/product_tag?post=483"}],"curies":[{"name":"wp","href":"https:\/\/api.w.org\/{rel}","templated":true}]}}