{"id":475,"date":"2017-07-22T18:46:04","date_gmt":"2017-07-22T18:46:04","guid":{"rendered":"http:\/\/www.ortosurperu.com\/web\/?post_type=product&#038;p=475"},"modified":"2017-07-22T18:49:59","modified_gmt":"2017-07-22T18:49:59","slug":"k1-banana-peel","status":"publish","type":"product","link":"https:\/\/www.ortosurperu.com\/respaldo\/producto\/k1-banana-peel\/","title":{"rendered":"K1 Banana peel"},"content":{"rendered":"<div class=\"info_bloque info_bloque_dest\">\n<div class=\"info_bloque_fot_texto\">\n<div class=\"info_bloque_texto\">Referencias disponibles<\/div>\n<\/div>\n<\/div>\n<div class=\"info_sep_salto_parrafo\"><\/div>\n<div class=\"info_bloque\">\n<table class=\"tabla\" summary=\"DF-K1\">\n<tbody>\n<tr>\n<th scope=\"col\">Referencia<\/th>\n<th scope=\"col\">Concepto<\/th>\n<\/tr>\n<tr>\n<td>DF-K1<\/td>\n<td>K1 ortesis Banana Peel a medida<\/td>\n<\/tr>\n<\/tbody>\n<\/table>\n<\/div>\n","protected":false},"excerpt":{"rendered":"<div class=\"info_bloque_texto\">\n<div class=\"info_bloque_texto\">\n<p class=\"heditor_first\">Ortesis de rodilla fabricada a medida con flexi\u00f3n-extensi\u00f3n fija. Mantiene el rango de flexi\u00f3n deseado para una mayor y un mejor control en el progreso de la marcha. Sus grados de flexi\u00f3n-extensi\u00f3n se determinan en el proceso de la toma del molde, manteni\u00e9ndolos en su fabricaci\u00f3n.<\/p>\n<p>Est\u00e1 fabricada en un pl\u00e1stico moderadamente flexible, que permite una f\u00e1cil y r\u00e1pida adaptaci\u00f3n, a la vez que mantiene estable la estrucutra durante la carga.<\/p>\n<\/div>\n<\/div>\n<div><\/div>\n","protected":false},"featured_media":478,"comment_status":"open","ping_status":"closed","template":"","meta":[],"product_cat":[102,99],"product_tag":[],"_links":{"self":[{"href":"https:\/\/www.ortosurperu.com\/respaldo\/wp-json\/wp\/v2\/product\/475"}],"collection":[{"href":"https:\/\/www.ortosurperu.com\/respaldo\/wp-json\/wp\/v2\/product"}],"about":[{"href":"https:\/\/www.ortosurperu.com\/respaldo\/wp-json\/wp\/v2\/types\/product"}],"replies":[{"embeddable":true,"href":"https:\/\/www.ortosurperu.com\/respaldo\/wp-json\/wp\/v2\/comments?post=475"}],"wp:featuredmedia":[{"embeddable":true,"href":"https:\/\/www.ortosurperu.com\/respaldo\/wp-json\/wp\/v2\/media\/478"}],"wp:attachment":[{"href":"https:\/\/www.ortosurperu.com\/respaldo\/wp-json\/wp\/v2\/media?parent=475"}],"wp:term":[{"taxonomy":"product_cat","embeddable":true,"href":"https:\/\/www.ortosurperu.com\/respaldo\/wp-json\/wp\/v2\/product_cat?post=475"},{"taxonomy":"product_tag","embeddable":true,"href":"https:\/\/www.ortosurperu.com\/respaldo\/wp-json\/wp\/v2\/product_tag?post=475"}],"curies":[{"name":"wp","href":"https:\/\/api.w.org\/{rel}","templated":true}]}}