{"id":472,"date":"2017-07-22T18:42:38","date_gmt":"2017-07-22T18:42:38","guid":{"rendered":"http:\/\/www.ortosurperu.com\/web\/?post_type=product&#038;p=472"},"modified":"2017-07-22T18:45:13","modified_gmt":"2017-07-22T18:45:13","slug":"ortesis-de-hombro-saro","status":"publish","type":"product","link":"https:\/\/www.ortosurperu.com\/respaldo\/producto\/ortesis-de-hombro-saro\/","title":{"rendered":"Ortesis de hombro Saro"},"content":{"rendered":"<div class=\"info_bloque info_bloque_dest\">\n<div class=\"info_bloque_fot_texto\">\n<div class=\"info_bloque_texto\">Referencias disponibles<\/div>\n<\/div>\n<\/div>\n<div class=\"info_sep_salto_parrafo\"><\/div>\n<div class=\"info_bloque\">\n<table class=\"tabla\" summary=\"B-190-XL\">\n<tbody>\n<tr>\n<th scope=\"col\">Referencia<\/th>\n<th scope=\"col\">Cresta il\u00edaca a axila<br \/>\nCms<\/th>\n<th scope=\"col\">Per\u00edmetro cintura\/tronco<br \/>\nCms<\/th>\n<\/tr>\n<tr>\n<td>B-190-XL<\/td>\n<td>32 a 38 cms<\/td>\n<td>61 a 96,5 cms<\/td>\n<\/tr>\n<tr>\n<td>B-190-L<\/td>\n<td>27,5 a 33 cms<\/td>\n<td>56 a 91,5 cms<\/td>\n<\/tr>\n<tr>\n<td>B-190-M<\/td>\n<td>18,5 a 27,5 cms<\/td>\n<td>51 a 81 cms<\/td>\n<\/tr>\n<tr>\n<td>B-190-S<\/td>\n<td>17 a 25,50 cms<\/td>\n<td>46 a 76 cms<\/td>\n<\/tr>\n<tr>\n<td>B-190-C<\/td>\n<td>a medida<\/td>\n<td><\/td>\n<\/tr>\n<\/tbody>\n<\/table>\n<\/div>\n","protected":false},"excerpt":{"rendered":"<div class=\"info_bloque_texto\">La sencilla ortesis pedi\u00e1trica Saro es de muy poco peso, siendo ajustada r\u00e1pidamente al paciente y puede ser usada tanto en el pre como en el post-operatorio de la articulaci\u00f3n de hombro pedi\u00e1trica. Los ajustes de la articulaci\u00f3n de hombro permiten con exactitud la alineaci\u00f3n cl\u00ednica de la articulaci\u00f3n de hombro del ni\u00f1o. La ortesis no tiene lado y, por tanto, puede ser usada tanto para el lado derecho como para el izquierdo.<\/p>\n<div class=\"info_bloque\"><\/div>\n<\/div>\n<div><img loading=\"lazy\" decoding=\"async\" class=\"alignnone wp-image-474 size-medium\" src=\"http:\/\/www.ortosurperu.com\/wp-content\/uploads\/2017\/07\/imageSEn.asp_-300x300.jpg\" alt=\"\" width=\"300\" height=\"300\" srcset=\"https:\/\/www.ortosurperu.com\/respaldo\/wp-content\/uploads\/2017\/07\/imageSEn.asp_-300x300.jpg 300w, https:\/\/www.ortosurperu.com\/respaldo\/wp-content\/uploads\/2017\/07\/imageSEn.asp_-150x150.jpg 150w, https:\/\/www.ortosurperu.com\/respaldo\/wp-content\/uploads\/2017\/07\/imageSEn.asp_-180x180.jpg 180w, https:\/\/www.ortosurperu.com\/respaldo\/wp-content\/uploads\/2017\/07\/imageSEn.asp_-367x367.jpg 367w, https:\/\/www.ortosurperu.com\/respaldo\/wp-content\/uploads\/2017\/07\/imageSEn.asp_-85x85.jpg 85w, https:\/\/www.ortosurperu.com\/respaldo\/wp-content\/uploads\/2017\/07\/imageSEn.asp_-50x50.jpg 50w, https:\/\/www.ortosurperu.com\/respaldo\/wp-content\/uploads\/2017\/07\/imageSEn.asp_.jpg 375w\" sizes=\"(max-width: 300px) 100vw, 300px\" \/><\/div>\n","protected":false},"featured_media":473,"comment_status":"open","ping_status":"closed","template":"","meta":[],"product_cat":[102,99],"product_tag":[],"_links":{"self":[{"href":"https:\/\/www.ortosurperu.com\/respaldo\/wp-json\/wp\/v2\/product\/472"}],"collection":[{"href":"https:\/\/www.ortosurperu.com\/respaldo\/wp-json\/wp\/v2\/product"}],"about":[{"href":"https:\/\/www.ortosurperu.com\/respaldo\/wp-json\/wp\/v2\/types\/product"}],"replies":[{"embeddable":true,"href":"https:\/\/www.ortosurperu.com\/respaldo\/wp-json\/wp\/v2\/comments?post=472"}],"wp:featuredmedia":[{"embeddable":true,"href":"https:\/\/www.ortosurperu.com\/respaldo\/wp-json\/wp\/v2\/media\/473"}],"wp:attachment":[{"href":"https:\/\/www.ortosurperu.com\/respaldo\/wp-json\/wp\/v2\/media?parent=472"}],"wp:term":[{"taxonomy":"product_cat","embeddable":true,"href":"https:\/\/www.ortosurperu.com\/respaldo\/wp-json\/wp\/v2\/product_cat?post=472"},{"taxonomy":"product_tag","embeddable":true,"href":"https:\/\/www.ortosurperu.com\/respaldo\/wp-json\/wp\/v2\/product_tag?post=472"}],"curies":[{"name":"wp","href":"https:\/\/api.w.org\/{rel}","templated":true}]}}