{"id":465,"date":"2017-07-22T18:24:52","date_gmt":"2017-07-22T18:24:52","guid":{"rendered":"http:\/\/www.ortosurperu.com\/web\/?post_type=product&#038;p=465"},"modified":"2017-07-22T18:27:20","modified_gmt":"2017-07-22T18:27:20","slug":"art-rodilla-modular-de-anillas","status":"publish","type":"product","link":"https:\/\/www.ortosurperu.com\/respaldo\/producto\/art-rodilla-modular-de-anillas\/","title":{"rendered":"Art.rodilla modular de anillas"},"content":{"rendered":"<div class=\"info_bloque info_bloque_dest\">\n<div class=\"info_bloque_fot_texto\">\n<div class=\"info_bloque_texto\">Referencias disponibles<\/div>\n<\/div>\n<\/div>\n<div class=\"info_sep_salto_parrafo\"><\/div>\n<div class=\"info_bloque\">\n<table class=\"tabla\" summary=\"B-1402-B-P\">\n<tbody>\n<tr>\n<th scope=\"col\">Referencia<\/th>\n<th scope=\"col\">Concepto<\/th>\n<\/tr>\n<tr>\n<td>B-1402-B-P<\/td>\n<td>Articulaciones modular anillas -par<\/td>\n<\/tr>\n<tr>\n<td>B-1402-B4-US<\/td>\n<td>Set de pletinas 6&#215;16<\/td>\n<\/tr>\n<tr>\n<td>B-1402-B6-US<\/td>\n<td>Set de pletinas 5&#215;16<\/td>\n<\/tr>\n<\/tbody>\n<\/table>\n<\/div>\n","protected":false},"excerpt":{"rendered":"<div class=\"info_bloque_texto\">\n<p class=\"heditor_first\">El innovador dise\u00f1o es la caracter\u00edsticas fundamental de las articulaciones modulares 1402, ya que Becker ha conseguido minimizar el tama\u00f1o y el peso pero sin comprometer la resistencia y la durabilidad. Su nuevo contorno coronal, y su acabado universal sagital, han conseguido un acabado robusto pero con un perfil est\u00e9tico muy est\u00e9tico. La anilla de cierre ha sido dise\u00f1ada para aquellos pacientes, con poca destreza o sensebilidad en la mano, que requieran de elementos sencillos pero seguros.<\/p>\n<p>Existe opcionalmente la posibilidad de utilizar el sistema de retenci\u00f3n de la anilla en fase de articulaci\u00f3n libre, mediante un sistema de esferas insertadas.<\/p>\n<p>El modelo B-1402 se comercializan por un lado las articulaciones y por otro sus pletinas, o bien en kit o por separado.<\/p>\n<\/div>\n","protected":false},"featured_media":466,"comment_status":"open","ping_status":"closed","template":"","meta":[],"product_cat":[108,106],"product_tag":[],"_links":{"self":[{"href":"https:\/\/www.ortosurperu.com\/respaldo\/wp-json\/wp\/v2\/product\/465"}],"collection":[{"href":"https:\/\/www.ortosurperu.com\/respaldo\/wp-json\/wp\/v2\/product"}],"about":[{"href":"https:\/\/www.ortosurperu.com\/respaldo\/wp-json\/wp\/v2\/types\/product"}],"replies":[{"embeddable":true,"href":"https:\/\/www.ortosurperu.com\/respaldo\/wp-json\/wp\/v2\/comments?post=465"}],"wp:featuredmedia":[{"embeddable":true,"href":"https:\/\/www.ortosurperu.com\/respaldo\/wp-json\/wp\/v2\/media\/466"}],"wp:attachment":[{"href":"https:\/\/www.ortosurperu.com\/respaldo\/wp-json\/wp\/v2\/media?parent=465"}],"wp:term":[{"taxonomy":"product_cat","embeddable":true,"href":"https:\/\/www.ortosurperu.com\/respaldo\/wp-json\/wp\/v2\/product_cat?post=465"},{"taxonomy":"product_tag","embeddable":true,"href":"https:\/\/www.ortosurperu.com\/respaldo\/wp-json\/wp\/v2\/product_tag?post=465"}],"curies":[{"name":"wp","href":"https:\/\/api.w.org\/{rel}","templated":true}]}}