{"id":463,"date":"2017-07-22T18:22:55","date_gmt":"2017-07-22T18:22:55","guid":{"rendered":"http:\/\/www.ortosurperu.com\/web\/?post_type=product&#038;p=463"},"modified":"2023-07-14T13:59:32","modified_gmt":"2023-07-14T18:59:32","slug":"ortesis-de-cadera-lerman","status":"publish","type":"product","link":"https:\/\/www.ortosurperu.com\/respaldo\/producto\/ortesis-de-cadera-lerman\/","title":{"rendered":"Ortesis de cadera Lerman"},"content":{"rendered":"<div class=\"info_bloque info_bloque_dest\">\n<div class=\"info_bloque_fot_texto\">\n<div class=\"info_bloque_texto\">Caracter\u00edsticas<\/div>\n<\/div>\n<\/div>\n<div class=\"info_sep_salto_parrafo\"><\/div>\n<div class=\"info_bloque\">\n<div class=\"info_bloque_fot_texto\">\n<div class=\"info_bloque_texto\"><strong>Fabricado en:<\/strong> termopl\u00e1stico acolchado con Pruwiaform<\/div>\n<\/div>\n<\/div>\n<div class=\"info_sep_salto_parrafo\"><\/div>\n<div class=\"info_bloque info_bloque_dest\">\n<div class=\"info_bloque_fot_texto\">\n<div class=\"info_bloque_texto\">Referencias disponibles<\/div>\n<\/div>\n<\/div>\n<div class=\"info_sep_salto_parrafo\"><\/div>\n<div class=\"info_bloque\">\n<table class=\"tabla\" summary=\"B-145-RS\">\n<tbody>\n<tr>\n<th scope=\"col\">Referencia<\/th>\n<th scope=\"col\">Talla<\/th>\n<th scope=\"col\">Lado<\/th>\n<th scope=\"col\">Perimetro cintura<\/th>\n<\/tr>\n<tr>\n<td>B-145-RS<\/td>\n<td>peque\u00f1a<\/td>\n<td>derecho<\/td>\n<td>71 cm-82 cm<\/td>\n<\/tr>\n<tr>\n<td>B-145-LS<\/td>\n<td>peque\u00f1a<\/td>\n<td>izquierdo<\/td>\n<td>71 cm-82 cm<\/td>\n<\/tr>\n<tr>\n<td>B-145-RM<\/td>\n<td>mediana<\/td>\n<td>derecho<\/td>\n<td>86 cm-97 cm<\/td>\n<\/tr>\n<tr>\n<td>B-145-LM<\/td>\n<td>mediana<\/td>\n<td>izquierdo<\/td>\n<td>86 cm-97 cm<\/td>\n<\/tr>\n<tr>\n<td>B-145-RL<\/td>\n<td>grande<\/td>\n<td>derecho<\/td>\n<td>101 cm-112 cm<\/td>\n<\/tr>\n<tr>\n<td>B-145-LL<\/td>\n<td>grande<\/td>\n<td>izquierdo<\/td>\n<td>101 cm-112 cm<\/td>\n<\/tr>\n<tr>\n<td>B-145-RXL<\/td>\n<td>X-grande<\/td>\n<td>derecho<\/td>\n<td>116 cm-127 cm<\/td>\n<\/tr>\n<tr>\n<td>B-145-LXL<\/td>\n<td>X-grande<\/td>\n<td>izquierdo<\/td>\n<td>116 cm-127 cm<\/td>\n<\/tr>\n<\/tbody>\n<\/table>\n<\/div>\n","protected":false},"excerpt":{"rendered":"<p>Ortesis de cadera especial para mantener su estabilidad y con articulaci\u00f3n limitadora de la flexo-extensi\u00f3n, con posibilidades de graduar la abducci\u00f3n de la cadera. Su dise\u00f1o es especial para la adaptaci\u00f3n a pacientes encamados al disponer del cierre en la parte posterior. Tambi\u00e9n dispone de un acolchado de silicona en la parte superior para una mejor fijaci\u00f3n.<\/p>\n","protected":false},"featured_media":464,"comment_status":"open","ping_status":"closed","template":"","meta":[],"product_cat":[106,109],"product_tag":[],"_links":{"self":[{"href":"https:\/\/www.ortosurperu.com\/respaldo\/wp-json\/wp\/v2\/product\/463"}],"collection":[{"href":"https:\/\/www.ortosurperu.com\/respaldo\/wp-json\/wp\/v2\/product"}],"about":[{"href":"https:\/\/www.ortosurperu.com\/respaldo\/wp-json\/wp\/v2\/types\/product"}],"replies":[{"embeddable":true,"href":"https:\/\/www.ortosurperu.com\/respaldo\/wp-json\/wp\/v2\/comments?post=463"}],"wp:featuredmedia":[{"embeddable":true,"href":"https:\/\/www.ortosurperu.com\/respaldo\/wp-json\/wp\/v2\/media\/464"}],"wp:attachment":[{"href":"https:\/\/www.ortosurperu.com\/respaldo\/wp-json\/wp\/v2\/media?parent=463"}],"wp:term":[{"taxonomy":"product_cat","embeddable":true,"href":"https:\/\/www.ortosurperu.com\/respaldo\/wp-json\/wp\/v2\/product_cat?post=463"},{"taxonomy":"product_tag","embeddable":true,"href":"https:\/\/www.ortosurperu.com\/respaldo\/wp-json\/wp\/v2\/product_tag?post=463"}],"curies":[{"name":"wp","href":"https:\/\/api.w.org\/{rel}","templated":true}]}}