{"id":460,"date":"2017-07-22T18:18:00","date_gmt":"2017-07-22T18:18:00","guid":{"rendered":"http:\/\/www.ortosurperu.com\/web\/?post_type=product&#038;p=460"},"modified":"2017-07-22T18:22:12","modified_gmt":"2017-07-22T18:22:12","slug":"saebostep","status":"publish","type":"product","link":"https:\/\/www.ortosurperu.com\/respaldo\/producto\/saebostep\/","title":{"rendered":"SaeboStep"},"content":{"rendered":"<div class=\"info_bloque info_bloque_dest\">\n<div class=\"info_bloque_fot_texto\">\n<div class=\"info_bloque_texto\">Referencias disponibles<\/div>\n<\/div>\n<\/div>\n<div class=\"info_sep_salto_parrafo\"><\/div>\n<div class=\"info_bloque\">\n<table class=\"tabla\" summary=\"S3-KT-10-SD-N-1\">\n<tbody>\n<tr>\n<th scope=\"col\">Referencia<\/th>\n<th scope=\"col\">Concepto<\/th>\n<\/tr>\n<tr>\n<td>S3-KT-10-SD-N-1<\/td>\n<td>SaeboStep kit completo<\/td>\n<\/tr>\n<tr>\n<td>S3-EH-10-SD-N-1<\/td>\n<td>ojales color negro<\/td>\n<\/tr>\n<tr>\n<td>S3-EH-20-SD-N-3<\/td>\n<td>ojales color plata<\/td>\n<\/tr>\n<tr>\n<td>S3-PD-10-SD-N-3<\/td>\n<td>repuesto acolchado<\/td>\n<\/tr>\n<tr>\n<td>S3-SC-10-SD-N-1<\/td>\n<td>kit cable spectra<\/td>\n<\/tr>\n<tr>\n<td>S3-CD-10-SD-N-1<\/td>\n<td>remachadora<\/td>\n<\/tr>\n<\/tbody>\n<\/table>\n<\/div>\n","protected":false},"excerpt":{"rendered":"<h3 class=\"info_tit_ext\"><\/h3>\n<div class=\"info_datos_gen\"><\/div>\n<div class=\"info_sep_salto_parrafo\"><\/div>\n<div class=\"info_bloque\">\n<div class=\"info_bloque_fot_texto\">\n<div class=\"info_bloque_fot_izda\"><img decoding=\"async\" src=\"http:\/\/www.ortoiberica.com\/v_portal\/inc\/imagen.asp?f=glory-saebo-step_phixr_%283%2935.jpg&amp;w=300&amp;c=0\" alt=\"SaeboStep\" \/><\/div>\n<div class=\"info_bloque_texto\">\n<p class=\"heditor_first\">Ortesis ligera de dise\u00f1o \u00fanico que consigue comodidad y una seguridad en la marcha, evitando la voluminosidad y las incomodidades de las ortesis que van dentro del zapato, o las inseguridades y la fragilidad de las que existen por fuera del zapato.<\/p>\n<p>No existen tallajes y el mismo modelo para el lado derecho que el izquierdo.<\/p>\n<p>Se coloca f\u00e1cilmente en los hojales de los zapatos de cordones, aunque tambi\u00e9n se comercializan los accesorios para poder realizar los agujeros y poner los hojales en cualquier tipo de calzado.<\/p>\n<p>Sus caracteristicas fundamentales son:<\/p>\n<p>&nbsp;<\/p>\n<\/div>\n<\/div>\n<\/div>\n<div class=\"info_sep_salto_parrafo\"><\/div>\n<div class=\"info_bloque\">\n<div class=\"info_bloque_fot_texto\">\n<div class=\"info_bloque_fot_dcha\"><img decoding=\"async\" src=\"http:\/\/www.ortoiberica.com\/v_portal\/inc\/imagen.asp?f=spectra-cord81.jpg&amp;w=300&amp;c=0\" alt=\"elevaci\u00f3n\" \/><\/div>\n<div class=\"info_bloque_texto\">\n<p class=\"heditor_first\"><strong>Elevaci\u00f3n:<\/strong><\/p>\n<p>Un tensor resistente y duradero que desliza un \u00abcable\u00bb fino pero muy resistente (spectra) a voluntad y f\u00e1cilmente sobre los ojales levantando el pie con facilidad y con r\u00e0pidez.<\/p>\n<\/div>\n<\/div>\n<\/div>\n<div class=\"info_sep_salto_parrafo\"><\/div>\n<div class=\"info_bloque\">\n<div class=\"info_bloque_fot_texto\">\n<div class=\"info_bloque_fot_izda\"><img decoding=\"async\" src=\"http:\/\/www.ortoiberica.com\/v_portal\/inc\/imagen.asp?f=boa-dial-technology7.jpg&amp;w=300&amp;c=0\" alt=\"ajuste\" \/><\/div>\n<div class=\"info_bloque_texto\">\n<p class=\"heditor_first\"><strong>Ajuste:<\/strong><\/p>\n<p>La revolucionaria tecnolog\u00eda del dial BOA que permite el personalizar r\u00e0pidamente el \u00e1ngulo de elevaci\u00f3n necesario para una marcha segura y estable.<\/p>\n<\/div>\n<\/div>\n<\/div>\n<div class=\"info_sep_salto_parrafo\"><\/div>\n<div class=\"info_bloque\">\n<div class=\"info_bloque_fot_texto\">\n<div class=\"info_bloque_fot_dcha\"><img decoding=\"async\" src=\"http:\/\/www.ortoiberica.com\/v_portal\/inc\/imagen.asp?f=velcro-strapping_%281%2946.jpg&amp;w=300&amp;c=0\" alt=\"seguridad\" \/><\/div>\n<div class=\"info_bloque_texto\">\n<p class=\"heditor_first\"><strong>Seguridad<\/strong><\/p>\n<p>Abrazadaera con sistema de regulaci\u00f3n y de cierre en velcro, que conjuntamente con una hebilla de nylon consiguen una fijaci\u00f3n de la ortesis en el tobillo.<\/p>\n<\/div>\n<\/div>\n<\/div>\n<div class=\"info_sep_salto_parrafo\"><\/div>\n<div class=\"info_bloque\">\n<div class=\"info_bloque_fot_texto\">\n<div class=\"info_bloque_fot_izda\"><img decoding=\"async\" src=\"http:\/\/www.ortoiberica.com\/v_portal\/inc\/imagen.asp?f=tension-release-dial40.jpg&amp;w=300&amp;c=0\" alt=\"liberaci\u00f3n\" \/><\/div>\n<div class=\"info_bloque_texto\">\n<p class=\"heditor_first\"><strong>Liberaci\u00f3n<\/strong><\/p>\n<p>El paciente siempre podr\u00e1 liberar la tensi\u00f3n o bien aumentarla f\u00e1cilmente y gracias al dial BOA<\/p>\n<\/div>\n<p><img loading=\"lazy\" decoding=\"async\" class=\"alignnone size-large wp-image-461\" src=\"http:\/\/www.ortosurperu.com\/wp-content\/uploads\/2017\/07\/imagen.aspZ_-1024x699.jpg\" alt=\"\" width=\"900\" height=\"614\" srcset=\"https:\/\/www.ortosurperu.com\/respaldo\/wp-content\/uploads\/2017\/07\/imagen.aspZ_.jpg 1024w, https:\/\/www.ortosurperu.com\/respaldo\/wp-content\/uploads\/2017\/07\/imagen.aspZ_-300x205.jpg 300w, https:\/\/www.ortosurperu.com\/respaldo\/wp-content\/uploads\/2017\/07\/imagen.aspZ_-768x524.jpg 768w\" sizes=\"(max-width: 900px) 100vw, 900px\" \/><\/p>\n<\/div>\n<\/div>\n","protected":false},"featured_media":462,"comment_status":"open","ping_status":"closed","template":"","meta":[],"product_cat":[106,110],"product_tag":[],"_links":{"self":[{"href":"https:\/\/www.ortosurperu.com\/respaldo\/wp-json\/wp\/v2\/product\/460"}],"collection":[{"href":"https:\/\/www.ortosurperu.com\/respaldo\/wp-json\/wp\/v2\/product"}],"about":[{"href":"https:\/\/www.ortosurperu.com\/respaldo\/wp-json\/wp\/v2\/types\/product"}],"replies":[{"embeddable":true,"href":"https:\/\/www.ortosurperu.com\/respaldo\/wp-json\/wp\/v2\/comments?post=460"}],"wp:featuredmedia":[{"embeddable":true,"href":"https:\/\/www.ortosurperu.com\/respaldo\/wp-json\/wp\/v2\/media\/462"}],"wp:attachment":[{"href":"https:\/\/www.ortosurperu.com\/respaldo\/wp-json\/wp\/v2\/media?parent=460"}],"wp:term":[{"taxonomy":"product_cat","embeddable":true,"href":"https:\/\/www.ortosurperu.com\/respaldo\/wp-json\/wp\/v2\/product_cat?post=460"},{"taxonomy":"product_tag","embeddable":true,"href":"https:\/\/www.ortosurperu.com\/respaldo\/wp-json\/wp\/v2\/product_tag?post=460"}],"curies":[{"name":"wp","href":"https:\/\/api.w.org\/{rel}","templated":true}]}}