{"id":457,"date":"2017-07-22T18:01:59","date_gmt":"2017-07-22T18:01:59","guid":{"rendered":"http:\/\/www.ortosurperu.com\/web\/?post_type=product&#038;p=457"},"modified":"2020-01-16T22:50:55","modified_gmt":"2020-01-16T22:50:55","slug":"limitacion-flexion-y-extension","status":"publish","type":"product","link":"https:\/\/www.ortosurperu.com\/respaldo\/producto\/limitacion-flexion-y-extension\/","title":{"rendered":"Limitaci\u00f3n flexi\u00f3n y extensi\u00f3n"},"content":{"rendered":"<div class=\"info_bloque info_bloque_dest\">\n<div class=\"info_bloque_fot_texto\">\n<div class=\"info_bloque_texto\">Caracter\u00edsticas T\u00e9cnicas<\/div>\n<\/div>\n<\/div>\n<div class=\"info_sep_salto_parrafo\"><\/div>\n<div class=\"info_bloque\">\n<div class=\"info_bloque_fot_texto\">\n<div class=\"info_bloque_texto\"><strong>Fabricado en:<\/strong> aluminio<\/div>\n<\/div>\n<\/div>\n<div class=\"info_sep_salto_parrafo\"><\/div>\n<div class=\"info_bloque info_bloque_dest\">\n<div class=\"info_bloque_fot_texto\">\n<div class=\"info_bloque_texto\">Referencias disponibles<\/div>\n<\/div>\n<\/div>\n<div class=\"info_sep_salto_parrafo\"><\/div>\n<div class=\"info_bloque\">\n<table class=\"tabla\" summary=\"B-U45\">\n<tbody>\n<tr>\n<th scope=\"col\">Referencia<\/th>\n<th scope=\"col\">Talla<\/th>\n<\/tr>\n<tr>\n<td>B-U45<\/td>\n<td>peque\u00f1a (mu\u00f1eca)<\/td>\n<\/tr>\n<tr>\n<td>B-U47<\/td>\n<td>grande (codo)<\/td>\n<\/tr>\n<\/tbody>\n<\/table>\n<\/div>\n","protected":false},"excerpt":{"rendered":"<p><img loading=\"lazy\" decoding=\"async\" class=\"alignnone size-full wp-image-459\" src=\"http:\/\/www.ortosurperu.com\/wp-content\/uploads\/2017\/07\/imaEgen.asp_.jpg\" alt=\"\" width=\"99\" height=\"200\" \/>\u00a0Articulaci\u00f3n que permite controlar selectivamente la flexi\u00f3n o la extensi\u00f3n en intervalos de 35\u00ba. Ideal para miembro superior, tanto mu\u00f1eca como codo. Muy poco peso.<\/p>\n","protected":false},"featured_media":458,"comment_status":"open","ping_status":"closed","template":"","meta":[],"product_cat":[112,111],"product_tag":[],"_links":{"self":[{"href":"https:\/\/www.ortosurperu.com\/respaldo\/wp-json\/wp\/v2\/product\/457"}],"collection":[{"href":"https:\/\/www.ortosurperu.com\/respaldo\/wp-json\/wp\/v2\/product"}],"about":[{"href":"https:\/\/www.ortosurperu.com\/respaldo\/wp-json\/wp\/v2\/types\/product"}],"replies":[{"embeddable":true,"href":"https:\/\/www.ortosurperu.com\/respaldo\/wp-json\/wp\/v2\/comments?post=457"}],"wp:featuredmedia":[{"embeddable":true,"href":"https:\/\/www.ortosurperu.com\/respaldo\/wp-json\/wp\/v2\/media\/458"}],"wp:attachment":[{"href":"https:\/\/www.ortosurperu.com\/respaldo\/wp-json\/wp\/v2\/media?parent=457"}],"wp:term":[{"taxonomy":"product_cat","embeddable":true,"href":"https:\/\/www.ortosurperu.com\/respaldo\/wp-json\/wp\/v2\/product_cat?post=457"},{"taxonomy":"product_tag","embeddable":true,"href":"https:\/\/www.ortosurperu.com\/respaldo\/wp-json\/wp\/v2\/product_tag?post=457"}],"curies":[{"name":"wp","href":"https:\/\/api.w.org\/{rel}","templated":true}]}}