{"id":454,"date":"2017-07-22T17:58:14","date_gmt":"2017-07-22T17:58:14","guid":{"rendered":"http:\/\/www.ortosurperu.com\/web\/?post_type=product&#038;p=454"},"modified":"2017-07-22T18:01:42","modified_gmt":"2017-07-22T18:01:42","slug":"saeboflex","status":"publish","type":"product","link":"https:\/\/www.ortosurperu.com\/respaldo\/producto\/saeboflex\/","title":{"rendered":"SaeboFlex"},"content":{"rendered":"<div class=\"info_bloque\">\n<div class=\"info_bloque_fot_texto\">\n<div class=\"info_bloque_texto\">\n<p><strong><span class=\"heditor_underline\">Caracter\u00edsticas principales de la ortesis<\/span><\/strong>:<\/p>\n<p>&nbsp;<\/p>\n<\/div>\n<\/div>\n<\/div>\n<div class=\"info_sep_salto_parrafo\"><\/div>\n<div class=\"info_bloque\">\n<div class=\"info_bloque_fot_texto\">\n<div class=\"info_bloque_fot_dcha\"><img decoding=\"async\" src=\"http:\/\/www.ortoiberica.com\/v_portal\/inc\/imagen.asp?f=digit-caps98.jpg&amp;w=300&amp;c=0\" alt=\"Digital caps\" \/><\/div>\n<div class=\"info_bloque_texto\">\n<p><strong>F\u00e9rulas de dedos<\/strong><\/p>\n<p>Favorece la posici\u00f3n de los dedos, evitando una flexi\u00f3n no adecuada. Varias tallas disponibles para un ajuste personalizado.<\/p>\n<\/div>\n<\/div>\n<\/div>\n<div class=\"info_sep_salto_parrafo\"><\/div>\n<div class=\"info_bloque\">\n<div class=\"info_bloque_fot_texto\">\n<div class=\"info_bloque_fot_dcha\"><img decoding=\"async\" src=\"http:\/\/www.ortoiberica.com\/v_portal\/inc\/imagen.asp?f=finger-lead-mounts36.jpg&amp;w=300&amp;c=0\" alt=\"estructura para los dedos\" \/><\/div>\n<div class=\"info_bloque_texto\">\n<p><strong>Guias alargadoras<\/strong><\/p>\n<p>Posiciona y alinea correctamente los dedos. Numerosos tama\u00f1os disponibles, con el fin de una adaptaci\u00f3n perfecta a la longitud de los dedos.<\/p>\n<\/div>\n<\/div>\n<\/div>\n<div class=\"info_sep_salto_parrafo\"><\/div>\n<div class=\"info_bloque\">\n<div class=\"info_bloque_fot_texto\">\n<div class=\"info_bloque_fot_dcha\"><img decoding=\"async\" src=\"http:\/\/www.ortoiberica.com\/v_portal\/inc\/imagen.asp?f=extension-springs40.jpg&amp;w=300&amp;c=0\" alt=\"extensions springs\" \/><\/div>\n<div class=\"info_bloque_texto\">\n<p><strong>Resorte de extensi\u00f3n<\/strong><\/p>\n<p>Asistencia a la extensi\u00f3n de los dedos, despu\u00e9s del agarre. Varios niveles de resistencia, atendiendo los niveles de espasticidad.<\/p>\n<\/div>\n<\/div>\n<\/div>\n<div class=\"info_sep_salto_parrafo\"><\/div>\n<div class=\"info_bloque\">\n<div class=\"info_bloque_fot_texto\">\n<div class=\"info_bloque_fot_dcha\"><img decoding=\"async\" src=\"http:\/\/www.ortoiberica.com\/v_portal\/inc\/imagen.asp?f=thumb-system8.jpg&amp;w=300&amp;c=0\" alt=\"Alineador pulgar\" \/><\/div>\n<\/div>\n<\/div>\n<div><\/div>\n<div><img loading=\"lazy\" decoding=\"async\" class=\"size-large wp-image-455 aligncenter\" src=\"http:\/\/www.ortosurperu.com\/wp-content\/uploads\/2017\/07\/imagenS.asp_-1024x617.jpg\" alt=\"\" width=\"900\" height=\"542\" srcset=\"https:\/\/www.ortosurperu.com\/respaldo\/wp-content\/uploads\/2017\/07\/imagenS.asp_.jpg 1024w, https:\/\/www.ortosurperu.com\/respaldo\/wp-content\/uploads\/2017\/07\/imagenS.asp_-300x181.jpg 300w, https:\/\/www.ortosurperu.com\/respaldo\/wp-content\/uploads\/2017\/07\/imagenS.asp_-768x463.jpg 768w\" sizes=\"(max-width: 900px) 100vw, 900px\" \/><\/div>\n","protected":false},"excerpt":{"rendered":"<div class=\"info_bloque_texto\">\n<p>Ortesis din\u00e1mica dedo,mano,mu\u00f1eca. Pensada para pacientes con trastornos neurol\u00f3gicos, como el ictus, la capacidad de incorporar funcionalmente su brazo y su mano con una terapia continuada. Las ortesis posicionan la mu\u00f1eca y los dedos en extensi\u00f3n, en una posicion preparada para la manipulaci\u00f3n de objetos. El usuario es capaz de asir voluntariamente los objetos flexionando sus dedos. Una vez que los dedos se relajan (parada de agarre), la ortesis por medio de sus resortes de asistencia, facilitan la extensi\u00f3n de la reapertura de la mano, para liberar el objeto.<\/p>\n<\/div>\n","protected":false},"featured_media":456,"comment_status":"open","ping_status":"closed","template":"","meta":[],"product_cat":[111,113],"product_tag":[],"_links":{"self":[{"href":"https:\/\/www.ortosurperu.com\/respaldo\/wp-json\/wp\/v2\/product\/454"}],"collection":[{"href":"https:\/\/www.ortosurperu.com\/respaldo\/wp-json\/wp\/v2\/product"}],"about":[{"href":"https:\/\/www.ortosurperu.com\/respaldo\/wp-json\/wp\/v2\/types\/product"}],"replies":[{"embeddable":true,"href":"https:\/\/www.ortosurperu.com\/respaldo\/wp-json\/wp\/v2\/comments?post=454"}],"wp:featuredmedia":[{"embeddable":true,"href":"https:\/\/www.ortosurperu.com\/respaldo\/wp-json\/wp\/v2\/media\/456"}],"wp:attachment":[{"href":"https:\/\/www.ortosurperu.com\/respaldo\/wp-json\/wp\/v2\/media?parent=454"}],"wp:term":[{"taxonomy":"product_cat","embeddable":true,"href":"https:\/\/www.ortosurperu.com\/respaldo\/wp-json\/wp\/v2\/product_cat?post=454"},{"taxonomy":"product_tag","embeddable":true,"href":"https:\/\/www.ortosurperu.com\/respaldo\/wp-json\/wp\/v2\/product_tag?post=454"}],"curies":[{"name":"wp","href":"https:\/\/api.w.org\/{rel}","templated":true}]}}