{"id":451,"date":"2017-07-22T17:53:55","date_gmt":"2017-07-22T17:53:55","guid":{"rendered":"http:\/\/www.ortosurperu.com\/web\/?post_type=product&#038;p=451"},"modified":"2017-07-22T17:58:02","modified_gmt":"2017-07-22T17:58:02","slug":"saebostretch","status":"publish","type":"product","link":"https:\/\/www.ortosurperu.com\/respaldo\/producto\/saebostretch\/","title":{"rendered":"SaeboStretch"},"content":{"rendered":"<p><img loading=\"lazy\" decoding=\"async\" class=\"wp-image-452 size-large aligncenter\" src=\"http:\/\/www.ortosurperu.com\/wp-content\/uploads\/2017\/07\/imagen.aWWsp_-1024x477.jpg\" alt=\"\" width=\"900\" height=\"419\" srcset=\"https:\/\/www.ortosurperu.com\/respaldo\/wp-content\/uploads\/2017\/07\/imagen.aWWsp_.jpg 1024w, https:\/\/www.ortosurperu.com\/respaldo\/wp-content\/uploads\/2017\/07\/imagen.aWWsp_-300x140.jpg 300w, https:\/\/www.ortosurperu.com\/respaldo\/wp-content\/uploads\/2017\/07\/imagen.aWWsp_-768x358.jpg 768w\" sizes=\"(max-width: 900px) 100vw, 900px\" \/><\/p>\n","protected":false},"excerpt":{"rendered":"<div class=\"info_bloque_texto\">\n<p class=\"heditor_first\">Revolucionaria y din\u00e1mica f\u00e9rula\u00a0SaeboStretch\u00a0de ayuda a los pacientes con da\u00f1o neurol\u00f3gico a mantener o mejorar el movimiento y reducir al m\u00ednimo el da\u00f1o articular y el dolor. La tecnolog\u00eda de almacenamiento de energ\u00eda de la f\u00e9rula permiten a las personas que sufren de espasticidad para estirar c\u00f3modamente y con seguridad consiguiendo una mayor motivaci\u00f3n.<\/p>\n<p>El SaeboStretch supera las preocupaciones cl\u00ednicas que pueden tener las f\u00e9rulas est\u00e1ticas duras tradicionales, incluyendo da\u00f1o en las articulaciones, hipermovilidad, y contracturas. Esta novedosa f\u00e9rula utiliza una tecnolog\u00eda de estiramiento revolucionario, que permite que los dedos se muevan a trav\u00e9s de la flexi\u00f3n causada por las reacciones asociadas y aumento del tono. Despu\u00e9s de la relajaci\u00f3n, los dedos gradualmente vuelven a la posici\u00f3n de reposo deseada.<\/p>\n<p>El SaeboStretch incluye tres piezas de mano din\u00e1mico intercambiables que pueden acomodar diversos niveles de espasticidad.<\/p>\n<p>Indicaciones:<\/p>\n<p>&#8211; Leve tono y discapacidad a moderada \/ contractura<\/p>\n<p>&#8211; Con dedos extendidos (pasivamente realizado) la mu\u00f1eca sin gran resistencia al menos puede ser colocada en posici\u00f3n de 0 \u00b0.<\/p>\n<p>&#8211; Cuando se pueda con alguno de los soportes din\u00e1micos entablillar la f\u00e9rula, y mover la mu\u00f1eca en diferentes posiciones angulares.<\/p>\n<p>35 \u00b0 dorsiflexi\u00f3n ser\u00eda la posici\u00f3n m\u00e1xima alcanzable.<\/p>\n<\/div>\n","protected":false},"featured_media":453,"comment_status":"open","ping_status":"closed","template":"","meta":[],"product_cat":[111,114],"product_tag":[],"_links":{"self":[{"href":"https:\/\/www.ortosurperu.com\/respaldo\/wp-json\/wp\/v2\/product\/451"}],"collection":[{"href":"https:\/\/www.ortosurperu.com\/respaldo\/wp-json\/wp\/v2\/product"}],"about":[{"href":"https:\/\/www.ortosurperu.com\/respaldo\/wp-json\/wp\/v2\/types\/product"}],"replies":[{"embeddable":true,"href":"https:\/\/www.ortosurperu.com\/respaldo\/wp-json\/wp\/v2\/comments?post=451"}],"wp:featuredmedia":[{"embeddable":true,"href":"https:\/\/www.ortosurperu.com\/respaldo\/wp-json\/wp\/v2\/media\/453"}],"wp:attachment":[{"href":"https:\/\/www.ortosurperu.com\/respaldo\/wp-json\/wp\/v2\/media?parent=451"}],"wp:term":[{"taxonomy":"product_cat","embeddable":true,"href":"https:\/\/www.ortosurperu.com\/respaldo\/wp-json\/wp\/v2\/product_cat?post=451"},{"taxonomy":"product_tag","embeddable":true,"href":"https:\/\/www.ortosurperu.com\/respaldo\/wp-json\/wp\/v2\/product_tag?post=451"}],"curies":[{"name":"wp","href":"https:\/\/api.w.org\/{rel}","templated":true}]}}