{"id":450,"date":"2017-07-22T17:49:37","date_gmt":"2017-07-22T17:49:37","guid":{"rendered":"http:\/\/www.ortosurperu.com\/web\/?post_type=product&#038;p=450"},"modified":"2017-07-22T17:51:24","modified_gmt":"2017-07-22T17:51:24","slug":"faja-aspen-lumbar","status":"publish","type":"product","link":"https:\/\/www.ortosurperu.com\/respaldo\/producto\/faja-aspen-lumbar\/","title":{"rendered":"Faja Aspen lumbar"},"content":{"rendered":"<div class=\"info_bloque info_bloque_dest\">\n<div class=\"info_bloque_fot_texto\">\n<div class=\"info_bloque_texto\">Referencias disponibles<\/div>\n<\/div>\n<\/div>\n<div class=\"info_sep_salto_parrafo\"><\/div>\n<div class=\"info_bloque\">\n<table class=\"tabla\" summary=\"AS-580101\">\n<tbody>\n<tr>\n<th scope=\"col\">Referencia<\/th>\n<th scope=\"col\">Talla<\/th>\n<th scope=\"col\">Per\u00edmetros<\/th>\n<\/tr>\n<tr>\n<td>AS-580101<\/td>\n<td>XS<\/td>\n<td>53 cm &#8211; 67 cm<\/td>\n<\/tr>\n<tr>\n<td>AS-580102<\/td>\n<td>S<\/td>\n<td>66 cm &#8211; 79 cm<\/td>\n<\/tr>\n<tr>\n<td>AS-580103<\/td>\n<td>M<\/td>\n<td>79 cm &#8211; 91 cm<\/td>\n<\/tr>\n<tr>\n<td>AS-580104<\/td>\n<td>L<\/td>\n<td>91 cm &#8211; 107 cm<\/td>\n<\/tr>\n<tr>\n<td>AS-580105<\/td>\n<td>XL<\/td>\n<td>104 cm &#8211; 122 cm<\/td>\n<\/tr>\n<tr>\n<td>AS-580106<\/td>\n<td>XXL<\/td>\n<td>117 cm &#8211; 132 cm<\/td>\n<\/tr>\n<\/tbody>\n<\/table>\n<\/div>\n","protected":false},"excerpt":{"rendered":"<p>El soporte lumbar Aspen cuenta con una innovadora combinaci\u00f3n de cualidades el\u00e1sticas e in\u00e9lasticas, que junto con un sistema patentado de compresi\u00f3n proporciona un alivio en las molestias lumbares para personas activas.<\/p>\n<p>Destaca por su comodidad para usos prolongados y por poder ser usado f\u00e1cilmente debajo de la ropa. Gracias al sistema de cierre patentado de Aspen 4:1 permite que los usuarios puedan realizar ajustes independientes en la parte superior o en la inferior para de esta forma ser m\u00e1s eficaces en la compresi\u00f3n deseada y por tanto el alivio al dolor.<\/p>\n<p>Sus leng\u00fcetas de arrastre son f\u00e1ciles de localizar, ya que est\u00e1n dise\u00f1adas para una extracci\u00f3n c\u00f3moda y con un cosido seguro que permite asegurar resistencia y durabilidad.<\/p>\n<p>Los materiales el\u00e1sticos del panel posterior se ajustan perfectamente a las vertebras lumbares bajas independientemente de la anatom\u00eda del paciente. <\/p>\n<p>Un aumento de la estabilidad del tronco, reduce la carga sobre los m\u00fasculos ya sobrecargados que les permite una relajaci\u00f3n, lo que puede reducir dr\u00e1sticamente un dolor de espalda localizado en la zona lumbar.  <\/p>\n","protected":false},"featured_media":445,"comment_status":"open","ping_status":"closed","template":"","meta":[],"product_cat":[115,119],"product_tag":[],"_links":{"self":[{"href":"https:\/\/www.ortosurperu.com\/respaldo\/wp-json\/wp\/v2\/product\/450"}],"collection":[{"href":"https:\/\/www.ortosurperu.com\/respaldo\/wp-json\/wp\/v2\/product"}],"about":[{"href":"https:\/\/www.ortosurperu.com\/respaldo\/wp-json\/wp\/v2\/types\/product"}],"replies":[{"embeddable":true,"href":"https:\/\/www.ortosurperu.com\/respaldo\/wp-json\/wp\/v2\/comments?post=450"}],"wp:featuredmedia":[{"embeddable":true,"href":"https:\/\/www.ortosurperu.com\/respaldo\/wp-json\/wp\/v2\/media\/445"}],"wp:attachment":[{"href":"https:\/\/www.ortosurperu.com\/respaldo\/wp-json\/wp\/v2\/media?parent=450"}],"wp:term":[{"taxonomy":"product_cat","embeddable":true,"href":"https:\/\/www.ortosurperu.com\/respaldo\/wp-json\/wp\/v2\/product_cat?post=450"},{"taxonomy":"product_tag","embeddable":true,"href":"https:\/\/www.ortosurperu.com\/respaldo\/wp-json\/wp\/v2\/product_tag?post=450"}],"curies":[{"name":"wp","href":"https:\/\/api.w.org\/{rel}","templated":true}]}}