{"id":444,"date":"2017-07-22T17:33:04","date_gmt":"2017-07-22T17:33:04","guid":{"rendered":"http:\/\/www.ortosurperu.com\/web\/?post_type=product&#038;p=444"},"modified":"2017-07-22T17:47:47","modified_gmt":"2017-07-22T17:47:47","slug":"rectus-rainbow","status":"publish","type":"product","link":"https:\/\/www.ortosurperu.com\/respaldo\/producto\/rectus-rainbow\/","title":{"rendered":"Rectus Rainbow"},"content":{"rendered":"<div class=\"info_bloque\">\n<div class=\"info_bloque_fot_texto\">\n<div class=\"info_bloque_texto\">\n<p class=\"heditor_justify\">Indicaciones:<\/p>\n<p class=\"heditor_justify\">Tratamiento pre y post-quir\u00fargico. Fracturas vertebrales bajas. Hernia discal. Osteoporosis. Espondilolisis. Espondilolistesis. Rotura de ligamentos o laxitud de los mismos. Neoplasias que produzcan procesos degenerativos. Lumbalgias.<\/p>\n<\/div>\n<\/div>\n<\/div>\n<div class=\"info_sep_salto_parrafo\"><\/div>\n<div class=\"info_bloque\">\n<table class=\"tabla\" summary=\"X-1441-001\">\n<tbody>\n<tr>\n<th scope=\"col\">Referencia<\/th>\n<th scope=\"col\">Talla<\/th>\n<th scope=\"col\">Perim.<br \/>\nXifoides<\/th>\n<th scope=\"col\">Perimetro<br \/>\nCintura<\/th>\n<th scope=\"col\">Perimetro<br \/>\nCadera<\/th>\n<\/tr>\n<tr>\n<td>X-1441-001<\/td>\n<td>1 (mujer)<\/td>\n<td>74 cm<\/td>\n<td>66 cm<\/td>\n<td>81 cm<\/td>\n<\/tr>\n<tr>\n<td>X-1441-002<\/td>\n<td>2 (mujer)<\/td>\n<td>69 cm<\/td>\n<td>58 cm<\/td>\n<td>86 cm<\/td>\n<\/tr>\n<tr>\n<td>X-1441-003<\/td>\n<td>3 (mujer)<\/td>\n<td>77 cm<\/td>\n<td>61 cm<\/td>\n<td>96 cm<\/td>\n<\/tr>\n<tr>\n<td>X-1441-004<\/td>\n<td>4 (mujer)<\/td>\n<td>84 cm<\/td>\n<td>74 cm<\/td>\n<td>96 cm<\/td>\n<\/tr>\n<tr>\n<td>X-1441-005<\/td>\n<td>5 (mujer)<\/td>\n<td>91 cm<\/td>\n<td>81 cm<\/td>\n<td>101 cm<\/td>\n<\/tr>\n<tr>\n<td>X-1441-006<\/td>\n<td>6 (mujer)<\/td>\n<td>91 cm<\/td>\n<td>84 cm<\/td>\n<td>109 cm<\/td>\n<\/tr>\n<tr>\n<td>X-1442-001<\/td>\n<td>1 (hombre)<\/td>\n<td>76 cm<\/td>\n<td>71 cm<\/td>\n<td>81cm<\/td>\n<\/tr>\n<tr>\n<td>X-1442-002<\/td>\n<td>2 (hombre)<\/td>\n<td>84 cm<\/td>\n<td>76 cm<\/td>\n<td>86 cm<\/td>\n<\/tr>\n<tr>\n<td>X-1442-003<\/td>\n<td>3 (hombre)<\/td>\n<td>89 cm<\/td>\n<td>81 cm<\/td>\n<td>91 cm<\/td>\n<\/tr>\n<tr>\n<td>X-1442-004<\/td>\n<td>4 (hombre)<\/td>\n<td>94 cm<\/td>\n<td>86 cm<\/td>\n<td>96 cm<\/td>\n<\/tr>\n<tr>\n<td>X-1442-005<\/td>\n<td>5 (hombre)<\/td>\n<td>99 cm<\/td>\n<td>91 cm<\/td>\n<td>101 cm<\/td>\n<\/tr>\n<tr>\n<td>X-1442-006<\/td>\n<td>6 (hombre)<\/td>\n<td>109 cm<\/td>\n<td>96 cm<\/td>\n<td>109 cm<\/td>\n<\/tr>\n<\/tbody>\n<\/table>\n<\/div>\n","protected":false},"excerpt":{"rendered":"<div class=\"heditor_justify\">\n<div class=\"info_bloque_texto\">\n<p class=\"heditor_first_justify\">Lumbostato compuesto de una estructura interna de Multiform de 5mm y una exterior de Aregat\u00e9n de 1,5 mm. Con una solapa suelta en su cara interior, tambi\u00e9n fabricada en Aregat\u00e9n de 1,5 mm, que nos permite tener mas control abdominal, con ello conseguimos un cors\u00e9 confortable y ligero.<\/p>\n<p class=\"heditor_justify\">Su cierre en la parte anterior se realiza mediante velcros y el hecho de que no lleve pasador met\u00e1lico, adem\u00e1s de hacerlo m\u00e1s est\u00e9tico, nos permite hacer ajustes especificos hacia derecha o izquierda de forma independiente. Adem\u00e1s de al no tener ning\u00fan componente met\u00e1lico, lo convierte en un cors\u00e9 perfecto para realizar pruebas radiologicas.<\/p>\n<p class=\"heditor_justify\">Su adaptaci\u00f3n es muy r\u00e1pida, y si hubiera que hacer alguna modificaci\u00f3n se puede hacer de forma r\u00e1pida, incluso si nos encontramos fuera de la ortopedia. Gracias a su dise\u00f1o de dos estructuras independientes, nos permite hacer ventanas por la parte exterior, para hacerlo m\u00e1s confortable.<\/p>\n<p class=\"heditor_justify\">Por tratarse de un cors\u00e9 prefabricado, el tiempo de entrega se reduce de forma considerable, lo que supone un beneficio para el paciente, y para su tratamiento.<\/p>\n<p class=\"heditor_justify\">Est\u00e1 pensado para dar un buen soporte, descarga e inmovilizaci\u00f3n en la regi\u00f3n lumbar, en casos en la que \u00e9sta se encuentra debilitada como consecuencia de alg\u00fan traumatismo o patolog\u00eda. En su configuraci\u00f3n standard viene con 15\u00ba de lordosis.<\/p>\n<p class=\"heditor_justify\">\n<\/div>\n<\/div>\n","protected":false},"featured_media":447,"comment_status":"open","ping_status":"closed","template":"","meta":[],"product_cat":[115,118],"product_tag":[],"_links":{"self":[{"href":"https:\/\/www.ortosurperu.com\/respaldo\/wp-json\/wp\/v2\/product\/444"}],"collection":[{"href":"https:\/\/www.ortosurperu.com\/respaldo\/wp-json\/wp\/v2\/product"}],"about":[{"href":"https:\/\/www.ortosurperu.com\/respaldo\/wp-json\/wp\/v2\/types\/product"}],"replies":[{"embeddable":true,"href":"https:\/\/www.ortosurperu.com\/respaldo\/wp-json\/wp\/v2\/comments?post=444"}],"wp:featuredmedia":[{"embeddable":true,"href":"https:\/\/www.ortosurperu.com\/respaldo\/wp-json\/wp\/v2\/media\/447"}],"wp:attachment":[{"href":"https:\/\/www.ortosurperu.com\/respaldo\/wp-json\/wp\/v2\/media?parent=444"}],"wp:term":[{"taxonomy":"product_cat","embeddable":true,"href":"https:\/\/www.ortosurperu.com\/respaldo\/wp-json\/wp\/v2\/product_cat?post=444"},{"taxonomy":"product_tag","embeddable":true,"href":"https:\/\/www.ortosurperu.com\/respaldo\/wp-json\/wp\/v2\/product_tag?post=444"}],"curies":[{"name":"wp","href":"https:\/\/api.w.org\/{rel}","templated":true}]}}