{"id":441,"date":"2017-07-22T17:29:14","date_gmt":"2017-07-22T17:29:14","guid":{"rendered":"http:\/\/www.ortosurperu.com\/web\/?post_type=product&#038;p=441"},"modified":"2023-07-14T13:59:32","modified_gmt":"2023-07-14T18:59:32","slug":"estabilizador-vista","status":"publish","type":"product","link":"https:\/\/www.ortosurperu.com\/respaldo\/producto\/estabilizador-vista\/","title":{"rendered":"Estabilizador Vista"},"content":{"rendered":"<div class=\"info_bloque info_bloque_dest\">\n<div class=\"info_bloque_fot_texto\">\n<div class=\"info_bloque_texto\">Referencias disponibles<\/div>\n<\/div>\n<\/div>\n<div class=\"info_sep_salto_parrafo\"><\/div>\n<div class=\"info_bloque\">\n<table class=\"tabla\" summary=\"AS-984500\">\n<tbody>\n<tr>\n<th scope=\"col\">Referencia<\/th>\n<th scope=\"col\">Concepto<\/th>\n<th scope=\"col\">Talla<\/th>\n<\/tr>\n<tr>\n<td>AS-984500<\/td>\n<td>Soporte tor\u00e0cico Vista<\/td>\n<td>universal<\/td>\n<\/tr>\n<\/tbody>\n<\/table>\n<\/div>\n","protected":false},"excerpt":{"rendered":"<div class=\"heditor_first_justify\">El soporte tor\u00e1cico Vista TS es un estabilizador con m\u00faltiples puntos de ajuste, que permiten garantizar una adaptaci\u00f3n perfecta a la anatom\u00eda de cualquier paciente. Al igual que el collar Vista es completamente adaptable con un solo tama\u00f1o, permitiendo reducir costes de stock.<\/div>\n<div class=\"heditor_justify\">Con un mecanismo sencillo, el profesional sanitarior podr\u00e1 conseguir tanto el \u00e1ngulo \u00f3ptimo como una perfecta adaptaci\u00f3n a la longitud del torso del paciente.<\/div>\n<div class=\"heditor_justify\">Sin ning\u00fan tipo de metal, permite el realizar radiogafias con el soporte colocado; as\u00ed como el profesional adaptador no necesitar\u00e1 ning\u00fan tipo de herramienta.<\/div>\n<div class=\"heditor_justify\">Los cambios de volumen originados al cambiar el paciente su posici\u00f3n, tanto de pie, sentado o incluso en la cama, ser\u00e1n compensados al estar liberado el \u00abdial adaptador\u00bb, sin necesidad de una nueva adaptaci\u00f3n.<\/div>\n","protected":false},"featured_media":443,"comment_status":"open","ping_status":"closed","template":"","meta":[],"product_cat":[122],"product_tag":[],"_links":{"self":[{"href":"https:\/\/www.ortosurperu.com\/respaldo\/wp-json\/wp\/v2\/product\/441"}],"collection":[{"href":"https:\/\/www.ortosurperu.com\/respaldo\/wp-json\/wp\/v2\/product"}],"about":[{"href":"https:\/\/www.ortosurperu.com\/respaldo\/wp-json\/wp\/v2\/types\/product"}],"replies":[{"embeddable":true,"href":"https:\/\/www.ortosurperu.com\/respaldo\/wp-json\/wp\/v2\/comments?post=441"}],"wp:featuredmedia":[{"embeddable":true,"href":"https:\/\/www.ortosurperu.com\/respaldo\/wp-json\/wp\/v2\/media\/443"}],"wp:attachment":[{"href":"https:\/\/www.ortosurperu.com\/respaldo\/wp-json\/wp\/v2\/media?parent=441"}],"wp:term":[{"taxonomy":"product_cat","embeddable":true,"href":"https:\/\/www.ortosurperu.com\/respaldo\/wp-json\/wp\/v2\/product_cat?post=441"},{"taxonomy":"product_tag","embeddable":true,"href":"https:\/\/www.ortosurperu.com\/respaldo\/wp-json\/wp\/v2\/product_tag?post=441"}],"curies":[{"name":"wp","href":"https:\/\/api.w.org\/{rel}","templated":true}]}}