{"id":439,"date":"2017-07-22T17:27:54","date_gmt":"2017-07-22T17:27:54","guid":{"rendered":"http:\/\/www.ortosurperu.com\/web\/?post_type=product&#038;p=439"},"modified":"2017-07-22T17:27:54","modified_gmt":"2017-07-22T17:27:54","slug":"collar-hensinger","status":"publish","type":"product","link":"https:\/\/www.ortosurperu.com\/respaldo\/producto\/collar-hensinger\/","title":{"rendered":"Collar Hensinger"},"content":{"rendered":"<table class=\"tabla\" summary=\"X 2650 000\">\n<tbody>\n<tr>\n<th scope=\"col\">Referencia<\/th>\n<th scope=\"col\">Concepto<\/th>\n<th scope=\"col\">talla<\/th>\n<th scope=\"col\">Perimetro de cuello<\/th>\n<\/tr>\n<tr>\n<td>X 2650 000<\/td>\n<td>Sin placa de montaje<\/td>\n<td>XS<\/td>\n<td>23cm<\/td>\n<\/tr>\n<tr>\n<td>X 2650 001<\/td>\n<td>Sin placa de montaje<\/td>\n<td>S<\/td>\n<td>31cm<\/td>\n<\/tr>\n<tr>\n<td>X 2650 002<\/td>\n<td>Sin placa de montaje<\/td>\n<td>M<\/td>\n<td>36cm<\/td>\n<\/tr>\n<tr>\n<td>X 2650 003<\/td>\n<td>Sin placa de montaje<\/td>\n<td>L<\/td>\n<td>41cm<\/td>\n<\/tr>\n<tr>\n<td>X 2650 500<\/td>\n<td>Con placa de montaje<\/td>\n<td>XS<\/td>\n<td>23cm<\/td>\n<\/tr>\n<tr>\n<td>X 2650 501<\/td>\n<td>Con placa de montaje<\/td>\n<td>S<\/td>\n<td>31cm<\/td>\n<\/tr>\n<tr>\n<td>X 2650 502<\/td>\n<td>Con placa de montaje<\/td>\n<td>M<\/td>\n<td>36cm<\/td>\n<\/tr>\n<tr>\n<td>X 2650 503<\/td>\n<td>Con placa de montaje<\/td>\n<td>L<\/td>\n<td>41cm<\/td>\n<\/tr>\n<\/tbody>\n<\/table>\n","protected":false},"excerpt":{"rendered":"<p class=\"heditor_first\">Soporte envolvente de espuma alrededor de la cabeza. Utilizado habitualmente en combinaci\u00f3n con chaleco o arn\u00e9s. Mantiene la posici\u00f3n de la cabeza en la linea media para mejorar asi la respiraci\u00f3n, la degluci\u00f3n y la alimentaci\u00f3n. Fabricado en espuma flexible y con recubrimiento en pintura pl\u00e1stica aislante de la humedad. Forros extraibles para facilitar el lavado y la higiene.<\/p>\n<p>Disponible con o sin estructura de montaje<\/p>\n","protected":false},"featured_media":440,"comment_status":"open","ping_status":"closed","template":"","meta":[],"product_cat":[122],"product_tag":[],"_links":{"self":[{"href":"https:\/\/www.ortosurperu.com\/respaldo\/wp-json\/wp\/v2\/product\/439"}],"collection":[{"href":"https:\/\/www.ortosurperu.com\/respaldo\/wp-json\/wp\/v2\/product"}],"about":[{"href":"https:\/\/www.ortosurperu.com\/respaldo\/wp-json\/wp\/v2\/types\/product"}],"replies":[{"embeddable":true,"href":"https:\/\/www.ortosurperu.com\/respaldo\/wp-json\/wp\/v2\/comments?post=439"}],"wp:featuredmedia":[{"embeddable":true,"href":"https:\/\/www.ortosurperu.com\/respaldo\/wp-json\/wp\/v2\/media\/440"}],"wp:attachment":[{"href":"https:\/\/www.ortosurperu.com\/respaldo\/wp-json\/wp\/v2\/media?parent=439"}],"wp:term":[{"taxonomy":"product_cat","embeddable":true,"href":"https:\/\/www.ortosurperu.com\/respaldo\/wp-json\/wp\/v2\/product_cat?post=439"},{"taxonomy":"product_tag","embeddable":true,"href":"https:\/\/www.ortosurperu.com\/respaldo\/wp-json\/wp\/v2\/product_tag?post=439"}],"curies":[{"name":"wp","href":"https:\/\/api.w.org\/{rel}","templated":true}]}}