{"id":437,"date":"2017-07-22T17:21:12","date_gmt":"2017-07-22T17:21:12","guid":{"rendered":"http:\/\/www.ortosurperu.com\/web\/?post_type=product&#038;p=437"},"modified":"2023-07-14T14:01:49","modified_gmt":"2023-07-14T19:01:49","slug":"casco-protector-de-bebe","status":"publish","type":"product","link":"https:\/\/www.ortosurperu.com\/respaldo\/producto\/casco-protector-de-bebe\/","title":{"rendered":"Casco protector de beb\u00e9"},"content":{"rendered":"<div class=\"info_bloque info_bloque_dest\">\n<div class=\"info_bloque_fot_texto\">\n<div class=\"info_bloque_texto\">Caracter\u00edsticas<\/div>\n<\/div>\n<\/div>\n<div class=\"info_sep_salto_parrafo\"><\/div>\n<div class=\"info_bloque\">\n<div class=\"info_bloque_fot_texto\">\n<div class=\"info_bloque_texto\">\n<p class=\"heditor_first_justify\"><strong>Fabricado en:<\/strong> capa interior de espuma blanda y ventilada y cubierta exterior de policarbonato duro<\/p>\n<p class=\"heditor_justify\"><strong>Indicaciones:<\/strong> cuando el cr\u00e1neo del beb\u00e9 no est\u00e9 totalmente formado,\u00a0como protector despu\u00e9s de una operaci\u00f3n para prevenir posibles golpes o que otros ni\u00f1os puedan tocar la zona sensible.<\/p>\n<p><strong>Contraindicaciones: <\/strong>no recomendado en estados febriles<\/p>\n<\/div>\n<\/div>\n<\/div>\n<div class=\"info_sep_salto_parrafo\"><\/div>\n<div class=\"info_bloque info_bloque_dest\">\n<div class=\"info_bloque_fot_texto\">\n<div class=\"info_bloque_texto\">Referencias disponibles<\/div>\n<\/div>\n<\/div>\n<div class=\"info_sep_salto_parrafo\"><\/div>\n<div class=\"info_bloque\">\n<table class=\"tabla\" summary=\"X-8980-101\n\"><\/p>\n<tbody>\n<tr>\n<th scope=\"col\">Ref.<\/th>\n<th scope=\"col\">Color<\/th>\n<th scope=\"col\">Talla<\/th>\n<th scope=\"col\">A<\/th>\n<th scope=\"col\">B<\/th>\n<th scope=\"col\">C<\/th>\n<\/tr>\n<tr>\n<td>X-8980-101<\/td>\n<td>rosa<\/td>\n<td>peque\u00f1a<\/td>\n<td>36 cm<\/td>\n<td>24 cm<\/td>\n<td>17 cm<\/td>\n<\/tr>\n<tr>\n<td>X-8980-102<\/td>\n<td>azul<\/td>\n<td>peque\u00f1a<\/td>\n<td>36 cm<\/td>\n<td>24 cm<\/td>\n<td>17 cm<\/td>\n<\/tr>\n<tr>\n<td>X-8980-201<\/td>\n<td>rosa<\/td>\n<td>mediana<\/td>\n<td>39 cm<\/td>\n<td>27 cm<\/td>\n<td>20 cm<\/td>\n<\/tr>\n<tr>\n<td>X-8980-202<\/td>\n<td>azul<\/td>\n<td>mediana<\/td>\n<td>39 cm<\/td>\n<td>27 cm<\/td>\n<td>20 cm<\/td>\n<\/tr>\n<tr>\n<td>X-8980-301<\/td>\n<td>rosa<\/td>\n<td>grande<\/td>\n<td>41 cm<\/td>\n<td>29 cm<\/td>\n<td>21 cm<\/td>\n<\/tr>\n<tr>\n<td>X-8980-302<\/td>\n<td>azul<\/td>\n<td>grande<\/td>\n<td>41 cm<\/td>\n<td>29 cm<\/td>\n<td>21 cm<\/td>\n<\/tr>\n<\/tbody>\n<\/table>\n<\/div>\n<div class=\"info_sep_salto_parrafo\"><\/div>\n<div class=\"info_bloque\">\n<div class=\"info_bloque_fot_texto\">\n<div class=\"info_bloque_texto\">\n<div class=\"heditor_first\">Para ver la correspondencia de las medidas A, B, y C descargue el archivo PDF que se encuentra en la documentaci\u00f3n relacionada.<\/div>\n<\/div>\n<\/div>\n<\/div>\n<div class=\"info_sep_salto_parrafo\"><\/div>\n<div class=\"info_bloque info_bloque_dest\">\n<div class=\"info_bloque_fot_texto\">\n<div class=\"info_bloque_texto\">Documentaci\u00f3n relacionada<\/div>\n<\/div>\n<\/div>\n","protected":false},"excerpt":{"rendered":"<div class=\"info_bloque_texto\">\n<p class=\"heditor_first_justify\">Una espuma suave de 6,4 mm de espesor con perforaciones que forman un casco protector para la cabeza del reci\u00e9n nacido.\u00a0 Una suave cinta en el ment\u00f3n mantiene el casco en su sitio. El casco se puede recortar en la parte delantera, para un mejor ajuste o en la parte trasera, para tener en cuenta las diferencias occipitales. En este caso, la espuma quedar\u00eda sin capa de pintura aunque seguir\u00eda siendo impermeable y lavable.<\/p>\n<p class=\"heditor_justify\">El casco est\u00e1 pensado para ser adaptado, por un t\u00e9cnico ortop\u00e9dico, a las necesidades reales del beb\u00e9.<\/p>\n<\/div>\n","protected":false},"featured_media":438,"comment_status":"open","ping_status":"closed","template":"","meta":[],"product_cat":[121],"product_tag":[],"_links":{"self":[{"href":"https:\/\/www.ortosurperu.com\/respaldo\/wp-json\/wp\/v2\/product\/437"}],"collection":[{"href":"https:\/\/www.ortosurperu.com\/respaldo\/wp-json\/wp\/v2\/product"}],"about":[{"href":"https:\/\/www.ortosurperu.com\/respaldo\/wp-json\/wp\/v2\/types\/product"}],"replies":[{"embeddable":true,"href":"https:\/\/www.ortosurperu.com\/respaldo\/wp-json\/wp\/v2\/comments?post=437"}],"wp:featuredmedia":[{"embeddable":true,"href":"https:\/\/www.ortosurperu.com\/respaldo\/wp-json\/wp\/v2\/media\/438"}],"wp:attachment":[{"href":"https:\/\/www.ortosurperu.com\/respaldo\/wp-json\/wp\/v2\/media?parent=437"}],"wp:term":[{"taxonomy":"product_cat","embeddable":true,"href":"https:\/\/www.ortosurperu.com\/respaldo\/wp-json\/wp\/v2\/product_cat?post=437"},{"taxonomy":"product_tag","embeddable":true,"href":"https:\/\/www.ortosurperu.com\/respaldo\/wp-json\/wp\/v2\/product_tag?post=437"}],"curies":[{"name":"wp","href":"https:\/\/api.w.org\/{rel}","templated":true}]}}