{"id":67,"date":"2017-06-26T19:32:37","date_gmt":"2017-06-26T19:32:37","guid":{"rendered":"http:\/\/www.ortosurperu.com\/web\/?page_id=67"},"modified":"2017-07-24T14:51:44","modified_gmt":"2017-07-24T14:51:44","slug":"nosotros","status":"publish","type":"page","link":"https:\/\/www.ortosurperu.com\/respaldo\/nosotros\/","title":{"rendered":"NOSOTROS"},"content":{"rendered":"<p>[vc_row][vc_column width=\u00bb1\/2&#8243;][vc_single_image image=\u00bb176&#8243; img_size=\u00bbfull\u00bb alignment=\u00bbcenter\u00bb][\/vc_column][vc_column width=\u00bb1\/2&#8243;][vc_custom_heading text=\u00bbSOBRE NOSOTROS Y LO QUE HACEMOS\u00bb font_container=\u00bbtag:h3|text_align:center|color:%23000000|line_height:1px\u00bb use_theme_fonts=\u00bbyes\u00bb][vc_column_text]<\/p>\n<p style=\"text-align: justify;\">ORTO SUR es una empresa de \u00e1mbito nacional. Pertenece al sector de la Ortopedia y su actividad principal es la fabricaci\u00f3n y adaptaci\u00f3n de pr\u00f3tesis y ortesis, as\u00ed como la venta de productos ortop\u00e9dicos en distintos gabinetes.<\/p>\n<p>[\/vc_column_text][vc_column_text][\/vc_column_text][vc_column_text]<\/p>\n<p style=\"text-align: justify;\">Durante los primeros meses de vida, numerosos beb\u00e9s desarrollan problemas de plagiocefalia, que se caracterizan por el aplanamiento de algunas \u00e1reas de la cabeza. Se trata de una afecci\u00f3n generalmente considerada benigna, pero requiere una intervenci\u00f3n en un momento muy temprano de la vida del ni\u00f1o; de lo contrario, pasa a ser permanente. Con objeto de corregir el problema, el t\u00e9cnico debe crear un aparato ortop\u00e9dico que corrija progresivamente la cabeza del beb\u00e9 y le devuelva su forma original. Para ello, es necesario medir la cabeza de forma que se puedan obtener mediciones 3D precisas, que se utilizan para crear un aparato ortop\u00e9dico de remodelado craneal personalizado. El beb\u00e9 debe llevar este aparato la mayor parte del d\u00eda, el progreso de la correcci\u00f3n se supervisa durante el tratamiento y se toman medidas correctivas si es necesario.<\/p>\n<p>[\/vc_column_text][\/vc_column][\/vc_row]<\/p>\n","protected":false},"excerpt":{"rendered":"<p>[vc_row][vc_column width=\u00bb1\/2&#8243;][vc_single_image image=\u00bb176&#8243; img_size=\u00bbfull\u00bb alignment=\u00bbcenter\u00bb][\/vc_column][vc_column width=\u00bb1\/2&#8243;][vc_custom_heading text=\u00bbSOBRE NOSOTROS Y LO QUE HACEMOS\u00bb font_container=\u00bbtag:h3|text_align:center|color:%23000000|line_height:1px\u00bb use_theme_fonts=\u00bbyes\u00bb][vc_column_text] ORTO SUR es una empresa de \u00e1mbito nacional. Pertenece al sector de la Ortopedia y su actividad principal es la fabricaci\u00f3n y adaptaci\u00f3n de pr\u00f3tesis y ortesis, as\u00ed como la venta de productos ortop\u00e9dicos en distintos gabinetes. [\/vc_column_text][vc_column_text][\/vc_column_text][vc_column_text] Durante los primeros [&hellip;]<\/p>\n","protected":false},"author":1,"featured_media":0,"parent":0,"menu_order":0,"comment_status":"closed","ping_status":"closed","template":"","meta":{"footnotes":""},"_links":{"self":[{"href":"https:\/\/www.ortosurperu.com\/respaldo\/wp-json\/wp\/v2\/pages\/67"}],"collection":[{"href":"https:\/\/www.ortosurperu.com\/respaldo\/wp-json\/wp\/v2\/pages"}],"about":[{"href":"https:\/\/www.ortosurperu.com\/respaldo\/wp-json\/wp\/v2\/types\/page"}],"author":[{"embeddable":true,"href":"https:\/\/www.ortosurperu.com\/respaldo\/wp-json\/wp\/v2\/users\/1"}],"replies":[{"embeddable":true,"href":"https:\/\/www.ortosurperu.com\/respaldo\/wp-json\/wp\/v2\/comments?post=67"}],"version-history":[{"count":14,"href":"https:\/\/www.ortosurperu.com\/respaldo\/wp-json\/wp\/v2\/pages\/67\/revisions"}],"predecessor-version":[{"id":157,"href":"https:\/\/www.ortosurperu.com\/respaldo\/wp-json\/wp\/v2\/pages\/67\/revisions\/157"}],"wp:attachment":[{"href":"https:\/\/www.ortosurperu.com\/respaldo\/wp-json\/wp\/v2\/media?parent=67"}],"curies":[{"name":"wp","href":"https:\/\/api.w.org\/{rel}","templated":true}]}}